{"id":42737,"date":"2023-03-09T07:08:58","date_gmt":"2023-03-09T07:08:58","guid":{"rendered":"https:\/\/www.sauter-building-control.ch\/?page_id=42737"},"modified":"2023-03-10T06:56:47","modified_gmt":"2023-03-10T06:56:47","slug":"une-application-pour-le-batiment-correspond-a-la-maniere-de-travailler-daujourdhui","status":"publish","type":"page","link":"https:\/\/www.sauter-building-control.ch\/fr\/entreprise\/actualites\/newsletter\/mars-2023\/une-application-pour-le-batiment-correspond-a-la-maniere-de-travailler-daujourdhui\/","title":{"rendered":"Une application pour le b\u00e2timent correspond \u00e0 la mani\u00e8re de travailler d&rsquo;aujourd&rsquo;hui"},"content":{"rendered":"","protected":false},"excerpt":{"rendered":"","protected":false},"author":18,"featured_media":0,"parent":42685,"menu_order":28,"comment_status":"closed","ping_status":"closed","template":"","meta":{"_acf_changed":false,"footnotes":""},"class_list":["post-42737","page","type-page","status-publish","hentry"],"acf":[],"yoast_head":"<!-- This site is optimized with the Yoast SEO plugin v26.1.1 - https:\/\/yoast.com\/wordpress\/plugins\/seo\/ -->\n<title>Une application pour le b\u00e2timent correspond \u00e0 la mani\u00e8re de travailler d&#039;aujourd&#039;hui - SAUTER Schweiz<\/title>\n<meta name=\"robots\" content=\"index, follow, max-snippet:-1, max-image-preview:large, max-video-preview:-1\" \/>\n<link rel=\"canonical\" href=\"https:\/\/www.sauter-building-control.ch\/fr\/entreprise\/actualites\/newsletter\/mars-2023\/une-application-pour-le-batiment-correspond-a-la-maniere-de-travailler-daujourdhui\/\" \/>\n<meta property=\"og:locale\" content=\"fr_FR\" \/>\n<meta property=\"og:type\" content=\"article\" \/>\n<meta property=\"og:title\" content=\"Une application pour le b\u00e2timent correspond \u00e0 la mani\u00e8re de travailler d&#039;aujourd&#039;hui - SAUTER Schweiz\" \/>\n<meta property=\"og:url\" content=\"https:\/\/www.sauter-building-control.ch\/fr\/entreprise\/actualites\/newsletter\/mars-2023\/une-application-pour-le-batiment-correspond-a-la-maniere-de-travailler-daujourdhui\/\" \/>\n<meta property=\"og:site_name\" content=\"SAUTER Schweiz\" \/>\n<meta property=\"article:modified_time\" content=\"2023-03-10T06:56:47+00:00\" \/>\n<meta name=\"twitter:card\" content=\"summary_large_image\" \/>\n<script type=\"application\/ld+json\" class=\"yoast-schema-graph\">{\"@context\":\"https:\/\/schema.org\",\"@graph\":[{\"@type\":\"WebPage\",\"@id\":\"https:\/\/www.sauter-building-control.ch\/fr\/entreprise\/actualites\/newsletter\/mars-2023\/une-application-pour-le-batiment-correspond-a-la-maniere-de-travailler-daujourdhui\/\",\"url\":\"https:\/\/www.sauter-building-control.ch\/fr\/entreprise\/actualites\/newsletter\/mars-2023\/une-application-pour-le-batiment-correspond-a-la-maniere-de-travailler-daujourdhui\/\",\"name\":\"Une application pour le b\u00e2timent correspond \u00e0 la mani\u00e8re de travailler d'aujourd'hui - SAUTER Schweiz\",\"isPartOf\":{\"@id\":\"https:\/\/www.sauter-building-control.ch\/#website\"},\"datePublished\":\"2023-03-09T07:08:58+00:00\",\"dateModified\":\"2023-03-10T06:56:47+00:00\",\"breadcrumb\":{\"@id\":\"https:\/\/www.sauter-building-control.ch\/fr\/entreprise\/actualites\/newsletter\/mars-2023\/une-application-pour-le-batiment-correspond-a-la-maniere-de-travailler-daujourdhui\/#breadcrumb\"},\"inLanguage\":\"fr-FR\",\"potentialAction\":[{\"@type\":\"ReadAction\",\"target\":[\"https:\/\/www.sauter-building-control.ch\/fr\/entreprise\/actualites\/newsletter\/mars-2023\/une-application-pour-le-batiment-correspond-a-la-maniere-de-travailler-daujourdhui\/\"]}]},{\"@type\":\"BreadcrumbList\",\"@id\":\"https:\/\/www.sauter-building-control.ch\/fr\/entreprise\/actualites\/newsletter\/mars-2023\/une-application-pour-le-batiment-correspond-a-la-maniere-de-travailler-daujourdhui\/#breadcrumb\",\"itemListElement\":[{\"@type\":\"ListItem\",\"position\":1,\"name\":\"Home\",\"item\":\"https:\/\/www.sauter-building-control.ch\/fr\/\"},{\"@type\":\"ListItem\",\"position\":2,\"name\":\"Entreprise\",\"item\":\"https:\/\/www.sauter-building-control.ch\/fr\/entreprise\/\"},{\"@type\":\"ListItem\",\"position\":3,\"name\":\"Actualit\u00e9s\",\"item\":\"https:\/\/www.sauter-building-control.ch\/fr\/entreprise\/actualites\/\"},{\"@type\":\"ListItem\",\"position\":4,\"name\":\"Newsletter\",\"item\":\"https:\/\/www.sauter-building-control.ch\/fr\/entreprise\/actualites\/newsletter\/\"},{\"@type\":\"ListItem\",\"position\":5,\"name\":\"Mars 2023\",\"item\":\"https:\/\/www.sauter-building-control.ch\/fr\/entreprise\/actualites\/newsletter\/mars-2023\/\"},{\"@type\":\"ListItem\",\"position\":6,\"name\":\"Une application pour le b\u00e2timent correspond \u00e0 la mani\u00e8re de travailler d&#8217;aujourd&#8217;hui\"}]},{\"@type\":\"WebSite\",\"@id\":\"https:\/\/www.sauter-building-control.ch\/#website\",\"url\":\"https:\/\/www.sauter-building-control.ch\/\",\"name\":\"SAUTER Schweiz\",\"description\":\"\",\"potentialAction\":[{\"@type\":\"SearchAction\",\"target\":{\"@type\":\"EntryPoint\",\"urlTemplate\":\"https:\/\/www.sauter-building-control.ch\/?s={search_term_string}\"},\"query-input\":{\"@type\":\"PropertyValueSpecification\",\"valueRequired\":true,\"valueName\":\"search_term_string\"}}],\"inLanguage\":\"fr-FR\"}]}<\/script>\n<!-- \/ Yoast SEO plugin. -->","yoast_head_json":{"title":"Une application pour le b\u00e2timent correspond \u00e0 la mani\u00e8re de travailler d'aujourd'hui - SAUTER Schweiz","robots":{"index":"index","follow":"follow","max-snippet":"max-snippet:-1","max-image-preview":"max-image-preview:large","max-video-preview":"max-video-preview:-1"},"canonical":"https:\/\/www.sauter-building-control.ch\/fr\/entreprise\/actualites\/newsletter\/mars-2023\/une-application-pour-le-batiment-correspond-a-la-maniere-de-travailler-daujourdhui\/","og_locale":"fr_FR","og_type":"article","og_title":"Une application pour le b\u00e2timent correspond \u00e0 la mani\u00e8re de travailler d'aujourd'hui - SAUTER Schweiz","og_url":"https:\/\/www.sauter-building-control.ch\/fr\/entreprise\/actualites\/newsletter\/mars-2023\/une-application-pour-le-batiment-correspond-a-la-maniere-de-travailler-daujourdhui\/","og_site_name":"SAUTER Schweiz","article_modified_time":"2023-03-10T06:56:47+00:00","twitter_card":"summary_large_image","schema":{"@context":"https:\/\/schema.org","@graph":[{"@type":"WebPage","@id":"https:\/\/www.sauter-building-control.ch\/fr\/entreprise\/actualites\/newsletter\/mars-2023\/une-application-pour-le-batiment-correspond-a-la-maniere-de-travailler-daujourdhui\/","url":"https:\/\/www.sauter-building-control.ch\/fr\/entreprise\/actualites\/newsletter\/mars-2023\/une-application-pour-le-batiment-correspond-a-la-maniere-de-travailler-daujourdhui\/","name":"Une application pour le b\u00e2timent correspond \u00e0 la mani\u00e8re de travailler d'aujourd'hui - SAUTER Schweiz","isPartOf":{"@id":"https:\/\/www.sauter-building-control.ch\/#website"},"datePublished":"2023-03-09T07:08:58+00:00","dateModified":"2023-03-10T06:56:47+00:00","breadcrumb":{"@id":"https:\/\/www.sauter-building-control.ch\/fr\/entreprise\/actualites\/newsletter\/mars-2023\/une-application-pour-le-batiment-correspond-a-la-maniere-de-travailler-daujourdhui\/#breadcrumb"},"inLanguage":"fr-FR","potentialAction":[{"@type":"ReadAction","target":["https:\/\/www.sauter-building-control.ch\/fr\/entreprise\/actualites\/newsletter\/mars-2023\/une-application-pour-le-batiment-correspond-a-la-maniere-de-travailler-daujourdhui\/"]}]},{"@type":"BreadcrumbList","@id":"https:\/\/www.sauter-building-control.ch\/fr\/entreprise\/actualites\/newsletter\/mars-2023\/une-application-pour-le-batiment-correspond-a-la-maniere-de-travailler-daujourdhui\/#breadcrumb","itemListElement":[{"@type":"ListItem","position":1,"name":"Home","item":"https:\/\/www.sauter-building-control.ch\/fr\/"},{"@type":"ListItem","position":2,"name":"Entreprise","item":"https:\/\/www.sauter-building-control.ch\/fr\/entreprise\/"},{"@type":"ListItem","position":3,"name":"Actualit\u00e9s","item":"https:\/\/www.sauter-building-control.ch\/fr\/entreprise\/actualites\/"},{"@type":"ListItem","position":4,"name":"Newsletter","item":"https:\/\/www.sauter-building-control.ch\/fr\/entreprise\/actualites\/newsletter\/"},{"@type":"ListItem","position":5,"name":"Mars 2023","item":"https:\/\/www.sauter-building-control.ch\/fr\/entreprise\/actualites\/newsletter\/mars-2023\/"},{"@type":"ListItem","position":6,"name":"Une application pour le b\u00e2timent correspond \u00e0 la mani\u00e8re de travailler d&#8217;aujourd&#8217;hui"}]},{"@type":"WebSite","@id":"https:\/\/www.sauter-building-control.ch\/#website","url":"https:\/\/www.sauter-building-control.ch\/","name":"SAUTER Schweiz","description":"","potentialAction":[{"@type":"SearchAction","target":{"@type":"EntryPoint","urlTemplate":"https:\/\/www.sauter-building-control.ch\/?s={search_term_string}"},"query-input":{"@type":"PropertyValueSpecification","valueRequired":true,"valueName":"search_term_string"}}],"inLanguage":"fr-FR"}]}},"_links":{"self":[{"href":"https:\/\/www.sauter-building-control.ch\/fr\/wp-json\/wp\/v2\/pages\/42737","targetHints":{"allow":["GET"]}}],"collection":[{"href":"https:\/\/www.sauter-building-control.ch\/fr\/wp-json\/wp\/v2\/pages"}],"about":[{"href":"https:\/\/www.sauter-building-control.ch\/fr\/wp-json\/wp\/v2\/types\/page"}],"author":[{"embeddable":true,"href":"https:\/\/www.sauter-building-control.ch\/fr\/wp-json\/wp\/v2\/users\/18"}],"replies":[{"embeddable":true,"href":"https:\/\/www.sauter-building-control.ch\/fr\/wp-json\/wp\/v2\/comments?post=42737"}],"version-history":[{"count":13,"href":"https:\/\/www.sauter-building-control.ch\/fr\/wp-json\/wp\/v2\/pages\/42737\/revisions"}],"predecessor-version":[{"id":42820,"href":"https:\/\/www.sauter-building-control.ch\/fr\/wp-json\/wp\/v2\/pages\/42737\/revisions\/42820"}],"up":[{"embeddable":true,"href":"https:\/\/www.sauter-building-control.ch\/fr\/wp-json\/wp\/v2\/pages\/42685"}],"wp:attachment":[{"href":"https:\/\/www.sauter-building-control.ch\/fr\/wp-json\/wp\/v2\/media?parent=42737"}],"curies":[{"name":"wp","href":"https:\/\/api.w.org\/{rel}","templated":true}]}}