{"id":42430,"date":"2023-03-30T12:27:35","date_gmt":"2023-03-30T12:27:35","guid":{"rendered":"https:\/\/www.sauter-building-control.ch\/?page_id=42430"},"modified":"2023-03-31T07:28:48","modified_gmt":"2023-03-31T07:28:48","slug":"integrierte-raumautomation","status":"publish","type":"page","link":"https:\/\/www.sauter-building-control.ch\/fr\/innovation\/integrierte-raumautomation\/","title":{"rendered":"Raumautomation"},"content":{"rendered":"","protected":false},"excerpt":{"rendered":"","protected":false},"author":2061,"featured_media":0,"parent":2602,"menu_order":26,"comment_status":"closed","ping_status":"closed","template":"page-raumautomation.php","meta":{"_acf_changed":false,"footnotes":""},"class_list":["post-42430","page","type-page","status-publish","hentry"],"acf":[],"yoast_head":"<!-- This site is optimized with the Yoast SEO plugin v26.1.1 - https:\/\/yoast.com\/wordpress\/plugins\/seo\/ -->\n<title>Raumautomation - SAUTER Schweiz<\/title>\n<meta name=\"description\" content=\"Im Bereich Raumautomation ist SAUTER Ihr Spezialist! Wir sorgen f\u00fcr das optimale Raumklima in B\u00fcrogeb\u00e4uden, Industrie, Logistik und weiteren Bereichen. SAUTER vereint s\u00e4mtliche Funktionen der Geb\u00e4udeautomation und Raumautomation mit dem \u00fcbergeordneten Geb\u00e4ude- und Energiemanagementsystem und garantiert so den optimierten, flexiblen und energieeffizienten Betrieb Ihrer Immobilie. Die integrierte Raumautomation von SAUTER steuert neben Raumklima auch Beleuchtung und Sonnenschutz. Individuelle Tagesprogramme und die \u00dcberwachung der Raumbelegung sorgen f\u00fcr minimalem Energieverbrauch bei gleichzeitig maximalem Komfort.\" \/>\n<meta name=\"robots\" content=\"index, follow, max-snippet:-1, max-image-preview:large, max-video-preview:-1\" \/>\n<link rel=\"canonical\" href=\"https:\/\/www.sauter-building-control.ch\/innovation\/integrierte-raumautomation\/\" \/>\n<meta property=\"og:locale\" content=\"fr_FR\" \/>\n<meta property=\"og:type\" content=\"article\" \/>\n<meta property=\"og:title\" content=\"Raumautomation - SAUTER Schweiz\" \/>\n<meta property=\"og:description\" content=\"Im Bereich Raumautomation ist SAUTER Ihr Spezialist! Wir sorgen f\u00fcr das optimale Raumklima in B\u00fcrogeb\u00e4uden, Industrie, Logistik und weiteren Bereichen. SAUTER vereint s\u00e4mtliche Funktionen der Geb\u00e4udeautomation und Raumautomation mit dem \u00fcbergeordneten Geb\u00e4ude- und Energiemanagementsystem und garantiert so den optimierten, flexiblen und energieeffizienten Betrieb Ihrer Immobilie. Die integrierte Raumautomation von SAUTER steuert neben Raumklima auch Beleuchtung und Sonnenschutz. Individuelle Tagesprogramme und die \u00dcberwachung der Raumbelegung sorgen f\u00fcr minimalem Energieverbrauch bei gleichzeitig maximalem Komfort.\" \/>\n<meta property=\"og:url\" content=\"https:\/\/www.sauter-building-control.ch\/innovation\/integrierte-raumautomation\/\" \/>\n<meta property=\"og:site_name\" content=\"SAUTER Schweiz\" \/>\n<meta property=\"article:modified_time\" content=\"2023-03-31T07:28:48+00:00\" \/>\n<meta name=\"twitter:card\" content=\"summary_large_image\" \/>\n<script type=\"application\/ld+json\" class=\"yoast-schema-graph\">{\"@context\":\"https:\/\/schema.org\",\"@graph\":[{\"@type\":\"WebPage\",\"@id\":\"https:\/\/www.sauter-building-control.ch\/innovation\/integrierte-raumautomation\/\",\"url\":\"https:\/\/www.sauter-building-control.ch\/innovation\/integrierte-raumautomation\/\",\"name\":\"Raumautomation - SAUTER Schweiz\",\"isPartOf\":{\"@id\":\"https:\/\/www.sauter-building-control.ch\/#website\"},\"datePublished\":\"2023-03-30T12:27:35+00:00\",\"dateModified\":\"2023-03-31T07:28:48+00:00\",\"description\":\"Im Bereich Raumautomation ist SAUTER Ihr Spezialist! Wir sorgen f\u00fcr das optimale Raumklima in B\u00fcrogeb\u00e4uden, Industrie, Logistik und weiteren Bereichen. SAUTER vereint s\u00e4mtliche Funktionen der Geb\u00e4udeautomation und Raumautomation mit dem \u00fcbergeordneten Geb\u00e4ude- und Energiemanagementsystem und garantiert so den optimierten, flexiblen und energieeffizienten Betrieb Ihrer Immobilie. Die integrierte Raumautomation von SAUTER steuert neben Raumklima auch Beleuchtung und Sonnenschutz. Individuelle Tagesprogramme und die \u00dcberwachung der Raumbelegung sorgen f\u00fcr minimalem Energieverbrauch bei gleichzeitig maximalem Komfort.\",\"breadcrumb\":{\"@id\":\"https:\/\/www.sauter-building-control.ch\/innovation\/integrierte-raumautomation\/#breadcrumb\"},\"inLanguage\":\"fr-FR\",\"potentialAction\":[{\"@type\":\"ReadAction\",\"target\":[\"https:\/\/www.sauter-building-control.ch\/innovation\/integrierte-raumautomation\/\"]}]},{\"@type\":\"BreadcrumbList\",\"@id\":\"https:\/\/www.sauter-building-control.ch\/innovation\/integrierte-raumautomation\/#breadcrumb\",\"itemListElement\":[{\"@type\":\"ListItem\",\"position\":1,\"name\":\"Home\",\"item\":\"https:\/\/www.sauter-building-control.ch\/fr\/\"},{\"@type\":\"ListItem\",\"position\":2,\"name\":\"Raumautomation\"}]},{\"@type\":\"WebSite\",\"@id\":\"https:\/\/www.sauter-building-control.ch\/#website\",\"url\":\"https:\/\/www.sauter-building-control.ch\/\",\"name\":\"SAUTER Schweiz\",\"description\":\"\",\"potentialAction\":[{\"@type\":\"SearchAction\",\"target\":{\"@type\":\"EntryPoint\",\"urlTemplate\":\"https:\/\/www.sauter-building-control.ch\/?s={search_term_string}\"},\"query-input\":{\"@type\":\"PropertyValueSpecification\",\"valueRequired\":true,\"valueName\":\"search_term_string\"}}],\"inLanguage\":\"fr-FR\"}]}<\/script>\n<!-- \/ Yoast SEO plugin. -->","yoast_head_json":{"title":"Raumautomation - SAUTER Schweiz","description":"Im Bereich Raumautomation ist SAUTER Ihr Spezialist! Wir sorgen f\u00fcr das optimale Raumklima in B\u00fcrogeb\u00e4uden, Industrie, Logistik und weiteren Bereichen. SAUTER vereint s\u00e4mtliche Funktionen der Geb\u00e4udeautomation und Raumautomation mit dem \u00fcbergeordneten Geb\u00e4ude- und Energiemanagementsystem und garantiert so den optimierten, flexiblen und energieeffizienten Betrieb Ihrer Immobilie. Die integrierte Raumautomation von SAUTER steuert neben Raumklima auch Beleuchtung und Sonnenschutz. Individuelle Tagesprogramme und die \u00dcberwachung der Raumbelegung sorgen f\u00fcr minimalem Energieverbrauch bei gleichzeitig maximalem Komfort.","robots":{"index":"index","follow":"follow","max-snippet":"max-snippet:-1","max-image-preview":"max-image-preview:large","max-video-preview":"max-video-preview:-1"},"canonical":"https:\/\/www.sauter-building-control.ch\/innovation\/integrierte-raumautomation\/","og_locale":"fr_FR","og_type":"article","og_title":"Raumautomation - SAUTER Schweiz","og_description":"Im Bereich Raumautomation ist SAUTER Ihr Spezialist! Wir sorgen f\u00fcr das optimale Raumklima in B\u00fcrogeb\u00e4uden, Industrie, Logistik und weiteren Bereichen. SAUTER vereint s\u00e4mtliche Funktionen der Geb\u00e4udeautomation und Raumautomation mit dem \u00fcbergeordneten Geb\u00e4ude- und Energiemanagementsystem und garantiert so den optimierten, flexiblen und energieeffizienten Betrieb Ihrer Immobilie. Die integrierte Raumautomation von SAUTER steuert neben Raumklima auch Beleuchtung und Sonnenschutz. Individuelle Tagesprogramme und die \u00dcberwachung der Raumbelegung sorgen f\u00fcr minimalem Energieverbrauch bei gleichzeitig maximalem Komfort.","og_url":"https:\/\/www.sauter-building-control.ch\/innovation\/integrierte-raumautomation\/","og_site_name":"SAUTER Schweiz","article_modified_time":"2023-03-31T07:28:48+00:00","twitter_card":"summary_large_image","schema":{"@context":"https:\/\/schema.org","@graph":[{"@type":"WebPage","@id":"https:\/\/www.sauter-building-control.ch\/innovation\/integrierte-raumautomation\/","url":"https:\/\/www.sauter-building-control.ch\/innovation\/integrierte-raumautomation\/","name":"Raumautomation - SAUTER Schweiz","isPartOf":{"@id":"https:\/\/www.sauter-building-control.ch\/#website"},"datePublished":"2023-03-30T12:27:35+00:00","dateModified":"2023-03-31T07:28:48+00:00","description":"Im Bereich Raumautomation ist SAUTER Ihr Spezialist! Wir sorgen f\u00fcr das optimale Raumklima in B\u00fcrogeb\u00e4uden, Industrie, Logistik und weiteren Bereichen. SAUTER vereint s\u00e4mtliche Funktionen der Geb\u00e4udeautomation und Raumautomation mit dem \u00fcbergeordneten Geb\u00e4ude- und Energiemanagementsystem und garantiert so den optimierten, flexiblen und energieeffizienten Betrieb Ihrer Immobilie. Die integrierte Raumautomation von SAUTER steuert neben Raumklima auch Beleuchtung und Sonnenschutz. Individuelle Tagesprogramme und die \u00dcberwachung der Raumbelegung sorgen f\u00fcr minimalem Energieverbrauch bei gleichzeitig maximalem Komfort.","breadcrumb":{"@id":"https:\/\/www.sauter-building-control.ch\/innovation\/integrierte-raumautomation\/#breadcrumb"},"inLanguage":"fr-FR","potentialAction":[{"@type":"ReadAction","target":["https:\/\/www.sauter-building-control.ch\/innovation\/integrierte-raumautomation\/"]}]},{"@type":"BreadcrumbList","@id":"https:\/\/www.sauter-building-control.ch\/innovation\/integrierte-raumautomation\/#breadcrumb","itemListElement":[{"@type":"ListItem","position":1,"name":"Home","item":"https:\/\/www.sauter-building-control.ch\/fr\/"},{"@type":"ListItem","position":2,"name":"Raumautomation"}]},{"@type":"WebSite","@id":"https:\/\/www.sauter-building-control.ch\/#website","url":"https:\/\/www.sauter-building-control.ch\/","name":"SAUTER Schweiz","description":"","potentialAction":[{"@type":"SearchAction","target":{"@type":"EntryPoint","urlTemplate":"https:\/\/www.sauter-building-control.ch\/?s={search_term_string}"},"query-input":{"@type":"PropertyValueSpecification","valueRequired":true,"valueName":"search_term_string"}}],"inLanguage":"fr-FR"}]}},"_links":{"self":[{"href":"https:\/\/www.sauter-building-control.ch\/fr\/wp-json\/wp\/v2\/pages\/42430","targetHints":{"allow":["GET"]}}],"collection":[{"href":"https:\/\/www.sauter-building-control.ch\/fr\/wp-json\/wp\/v2\/pages"}],"about":[{"href":"https:\/\/www.sauter-building-control.ch\/fr\/wp-json\/wp\/v2\/types\/page"}],"author":[{"embeddable":true,"href":"https:\/\/www.sauter-building-control.ch\/fr\/wp-json\/wp\/v2\/users\/2061"}],"replies":[{"embeddable":true,"href":"https:\/\/www.sauter-building-control.ch\/fr\/wp-json\/wp\/v2\/comments?post=42430"}],"version-history":[{"count":2,"href":"https:\/\/www.sauter-building-control.ch\/fr\/wp-json\/wp\/v2\/pages\/42430\/revisions"}],"predecessor-version":[{"id":42886,"href":"https:\/\/www.sauter-building-control.ch\/fr\/wp-json\/wp\/v2\/pages\/42430\/revisions\/42886"}],"up":[{"embeddable":true,"href":"https:\/\/www.sauter-building-control.ch\/fr\/wp-json\/wp\/v2\/pages\/2602"}],"wp:attachment":[{"href":"https:\/\/www.sauter-building-control.ch\/fr\/wp-json\/wp\/v2\/media?parent=42430"}],"curies":[{"name":"wp","href":"https:\/\/api.w.org\/{rel}","templated":true}]}}