{"id":4134,"date":"2018-10-11T12:36:17","date_gmt":"2018-10-11T10:36:17","guid":{"rendered":"http:\/\/www.sauter.fr\/homepage\/"},"modified":"2023-12-18T09:51:45","modified_gmt":"2023-12-18T09:51:45","slug":"homepage","status":"publish","type":"page","link":"https:\/\/www.sauter-building-control.ch\/fr\/","title":{"rendered":"Accueil"},"content":{"rendered":"","protected":false},"excerpt":{"rendered":"","protected":false},"author":1,"featured_media":0,"parent":0,"menu_order":137,"comment_status":"closed","ping_status":"closed","template":"front-page.php","meta":{"_acf_changed":false,"footnotes":""},"class_list":["post-4134","page","type-page","status-publish","hentry"],"acf":[],"yoast_head":"<!-- This site is optimized with the Yoast SEO plugin v26.1.1 - https:\/\/yoast.com\/wordpress\/plugins\/seo\/ -->\n<title>Bienvenue chez SAUTER Building Control<\/title>\n<meta name=\"description\" content=\"Gestion technique des b\u00e2timents pour un fonctionnement s\u00fbr et un climat int\u00e9rieur optimal avec une efficacit\u00e9 \u00e9nerg\u00e9tique \u00e9lev\u00e9e. SAUTER est le partenaire innovant depuis plus de 100 ans pour le confort et l\u2019efficacit\u00e9 dans les b\u00e2timents.\" \/>\n<meta name=\"robots\" content=\"index, follow, max-snippet:-1, max-image-preview:large, max-video-preview:-1\" \/>\n<link rel=\"canonical\" href=\"https:\/\/www.sauter-building-control.ch\/fr\/\" \/>\n<meta property=\"og:locale\" content=\"fr_FR\" \/>\n<meta property=\"og:type\" content=\"article\" \/>\n<meta property=\"og:title\" content=\"Bienvenue chez SAUTER Building Control\" \/>\n<meta property=\"og:description\" content=\"Gestion technique des b\u00e2timents pour un fonctionnement s\u00fbr et un climat int\u00e9rieur optimal avec une efficacit\u00e9 \u00e9nerg\u00e9tique \u00e9lev\u00e9e. SAUTER est le partenaire innovant depuis plus de 100 ans pour le confort et l\u2019efficacit\u00e9 dans les b\u00e2timents.\" \/>\n<meta property=\"og:url\" content=\"https:\/\/www.sauter-building-control.ch\/fr\/\" \/>\n<meta property=\"og:site_name\" content=\"SAUTER Schweiz\" \/>\n<meta property=\"article:modified_time\" content=\"2023-12-18T09:51:45+00:00\" \/>\n<meta name=\"twitter:card\" content=\"summary_large_image\" \/>\n<script type=\"application\/ld+json\" class=\"yoast-schema-graph\">{\"@context\":\"https:\/\/schema.org\",\"@graph\":[{\"@type\":\"WebPage\",\"@id\":\"https:\/\/www.sauter-building-control.ch\/fr\/\",\"url\":\"https:\/\/www.sauter-building-control.ch\/fr\/\",\"name\":\"Bienvenue chez SAUTER Building Control\",\"isPartOf\":{\"@id\":\"https:\/\/www.sauter-building-control.ch\/#website\"},\"datePublished\":\"2018-10-11T10:36:17+00:00\",\"dateModified\":\"2023-12-18T09:51:45+00:00\",\"description\":\"Gestion technique des b\u00e2timents pour un fonctionnement s\u00fbr et un climat int\u00e9rieur optimal avec une efficacit\u00e9 \u00e9nerg\u00e9tique \u00e9lev\u00e9e. SAUTER est le partenaire innovant depuis plus de 100 ans pour le confort et l\u2019efficacit\u00e9 dans les b\u00e2timents.\",\"breadcrumb\":{\"@id\":\"https:\/\/www.sauter-building-control.ch\/fr\/#breadcrumb\"},\"inLanguage\":\"fr-FR\",\"potentialAction\":[{\"@type\":\"ReadAction\",\"target\":[\"https:\/\/www.sauter-building-control.ch\/fr\/\"]}]},{\"@type\":\"BreadcrumbList\",\"@id\":\"https:\/\/www.sauter-building-control.ch\/fr\/#breadcrumb\",\"itemListElement\":[{\"@type\":\"ListItem\",\"position\":1,\"name\":\"Home\",\"item\":\"https:\/\/www.sauter-building-control.ch\/fr\/\"},{\"@type\":\"ListItem\",\"position\":2,\"name\":\"Accueil\"}]},{\"@type\":\"WebSite\",\"@id\":\"https:\/\/www.sauter-building-control.ch\/#website\",\"url\":\"https:\/\/www.sauter-building-control.ch\/\",\"name\":\"SAUTER Schweiz\",\"description\":\"\",\"potentialAction\":[{\"@type\":\"SearchAction\",\"target\":{\"@type\":\"EntryPoint\",\"urlTemplate\":\"https:\/\/www.sauter-building-control.ch\/?s={search_term_string}\"},\"query-input\":{\"@type\":\"PropertyValueSpecification\",\"valueRequired\":true,\"valueName\":\"search_term_string\"}}],\"inLanguage\":\"fr-FR\"}]}<\/script>\n<!-- \/ Yoast SEO plugin. -->","yoast_head_json":{"title":"Bienvenue chez SAUTER Building Control","description":"Gestion technique des b\u00e2timents pour un fonctionnement s\u00fbr et un climat int\u00e9rieur optimal avec une efficacit\u00e9 \u00e9nerg\u00e9tique \u00e9lev\u00e9e. SAUTER est le partenaire innovant depuis plus de 100 ans pour le confort et l\u2019efficacit\u00e9 dans les b\u00e2timents.","robots":{"index":"index","follow":"follow","max-snippet":"max-snippet:-1","max-image-preview":"max-image-preview:large","max-video-preview":"max-video-preview:-1"},"canonical":"https:\/\/www.sauter-building-control.ch\/fr\/","og_locale":"fr_FR","og_type":"article","og_title":"Bienvenue chez SAUTER Building Control","og_description":"Gestion technique des b\u00e2timents pour un fonctionnement s\u00fbr et un climat int\u00e9rieur optimal avec une efficacit\u00e9 \u00e9nerg\u00e9tique \u00e9lev\u00e9e. SAUTER est le partenaire innovant depuis plus de 100 ans pour le confort et l\u2019efficacit\u00e9 dans les b\u00e2timents.","og_url":"https:\/\/www.sauter-building-control.ch\/fr\/","og_site_name":"SAUTER Schweiz","article_modified_time":"2023-12-18T09:51:45+00:00","twitter_card":"summary_large_image","schema":{"@context":"https:\/\/schema.org","@graph":[{"@type":"WebPage","@id":"https:\/\/www.sauter-building-control.ch\/fr\/","url":"https:\/\/www.sauter-building-control.ch\/fr\/","name":"Bienvenue chez SAUTER Building Control","isPartOf":{"@id":"https:\/\/www.sauter-building-control.ch\/#website"},"datePublished":"2018-10-11T10:36:17+00:00","dateModified":"2023-12-18T09:51:45+00:00","description":"Gestion technique des b\u00e2timents pour un fonctionnement s\u00fbr et un climat int\u00e9rieur optimal avec une efficacit\u00e9 \u00e9nerg\u00e9tique \u00e9lev\u00e9e. SAUTER est le partenaire innovant depuis plus de 100 ans pour le confort et l\u2019efficacit\u00e9 dans les b\u00e2timents.","breadcrumb":{"@id":"https:\/\/www.sauter-building-control.ch\/fr\/#breadcrumb"},"inLanguage":"fr-FR","potentialAction":[{"@type":"ReadAction","target":["https:\/\/www.sauter-building-control.ch\/fr\/"]}]},{"@type":"BreadcrumbList","@id":"https:\/\/www.sauter-building-control.ch\/fr\/#breadcrumb","itemListElement":[{"@type":"ListItem","position":1,"name":"Home","item":"https:\/\/www.sauter-building-control.ch\/fr\/"},{"@type":"ListItem","position":2,"name":"Accueil"}]},{"@type":"WebSite","@id":"https:\/\/www.sauter-building-control.ch\/#website","url":"https:\/\/www.sauter-building-control.ch\/","name":"SAUTER Schweiz","description":"","potentialAction":[{"@type":"SearchAction","target":{"@type":"EntryPoint","urlTemplate":"https:\/\/www.sauter-building-control.ch\/?s={search_term_string}"},"query-input":{"@type":"PropertyValueSpecification","valueRequired":true,"valueName":"search_term_string"}}],"inLanguage":"fr-FR"}]}},"_links":{"self":[{"href":"https:\/\/www.sauter-building-control.ch\/fr\/wp-json\/wp\/v2\/pages\/4134","targetHints":{"allow":["GET"]}}],"collection":[{"href":"https:\/\/www.sauter-building-control.ch\/fr\/wp-json\/wp\/v2\/pages"}],"about":[{"href":"https:\/\/www.sauter-building-control.ch\/fr\/wp-json\/wp\/v2\/types\/page"}],"author":[{"embeddable":true,"href":"https:\/\/www.sauter-building-control.ch\/fr\/wp-json\/wp\/v2\/users\/1"}],"replies":[{"embeddable":true,"href":"https:\/\/www.sauter-building-control.ch\/fr\/wp-json\/wp\/v2\/comments?post=4134"}],"version-history":[{"count":18,"href":"https:\/\/www.sauter-building-control.ch\/fr\/wp-json\/wp\/v2\/pages\/4134\/revisions"}],"predecessor-version":[{"id":44406,"href":"https:\/\/www.sauter-building-control.ch\/fr\/wp-json\/wp\/v2\/pages\/4134\/revisions\/44406"}],"wp:attachment":[{"href":"https:\/\/www.sauter-building-control.ch\/fr\/wp-json\/wp\/v2\/media?parent=4134"}],"curies":[{"name":"wp","href":"https:\/\/api.w.org\/{rel}","templated":true}]}}