{"id":36661,"date":"2020-01-13T08:13:07","date_gmt":"2020-01-13T08:13:07","guid":{"rendered":"https:\/\/www.sauter-building-control.ch\/?page_id=36661"},"modified":"2020-01-28T13:40:35","modified_gmt":"2020-01-28T13:40:35","slug":"sauter-modulo-6-lautomatisation-du-batiment-de-la-prochaine-generation","status":"publish","type":"page","link":"https:\/\/www.sauter-building-control.ch\/fr\/entreprise\/actualites\/newsletter\/januar-2020\/sauter-modulo-6-lautomatisation-du-batiment-de-la-prochaine-generation\/","title":{"rendered":"SAUTER modulo 6 &#8211; L&rsquo;automatisation du b\u00e2timent de la prochaine g\u00e9n\u00e9ration"},"content":{"rendered":"","protected":false},"excerpt":{"rendered":"","protected":false},"author":18,"featured_media":0,"parent":36289,"menu_order":73,"comment_status":"closed","ping_status":"closed","template":"cadre-flexible.php","meta":{"_acf_changed":false,"footnotes":""},"class_list":["post-36661","page","type-page","status-publish","hentry"],"acf":[],"yoast_head":"<!-- This site is optimized with the Yoast SEO plugin v26.1.1 - https:\/\/yoast.com\/wordpress\/plugins\/seo\/ -->\n<title>SAUTER modulo 6 - L&#039;automatisation du b\u00e2timent de la prochaine g\u00e9n\u00e9ration - SAUTER Schweiz<\/title>\n<meta name=\"robots\" content=\"index, follow, max-snippet:-1, max-image-preview:large, max-video-preview:-1\" \/>\n<link rel=\"canonical\" href=\"https:\/\/www.sauter-building-control.ch\/fr\/entreprise\/actualites\/newsletter\/januar-2020\/sauter-modulo-6-lautomatisation-du-batiment-de-la-prochaine-generation\/\" \/>\n<meta property=\"og:locale\" content=\"fr_FR\" \/>\n<meta property=\"og:type\" content=\"article\" \/>\n<meta property=\"og:title\" content=\"SAUTER modulo 6 - L&#039;automatisation du b\u00e2timent de la prochaine g\u00e9n\u00e9ration - SAUTER Schweiz\" \/>\n<meta property=\"og:url\" content=\"https:\/\/www.sauter-building-control.ch\/fr\/entreprise\/actualites\/newsletter\/januar-2020\/sauter-modulo-6-lautomatisation-du-batiment-de-la-prochaine-generation\/\" \/>\n<meta property=\"og:site_name\" content=\"SAUTER Schweiz\" \/>\n<meta property=\"article:modified_time\" content=\"2020-01-28T13:40:35+00:00\" \/>\n<meta name=\"twitter:card\" content=\"summary_large_image\" \/>\n<script type=\"application\/ld+json\" class=\"yoast-schema-graph\">{\"@context\":\"https:\/\/schema.org\",\"@graph\":[{\"@type\":\"WebPage\",\"@id\":\"https:\/\/www.sauter-building-control.ch\/fr\/entreprise\/actualites\/newsletter\/januar-2020\/sauter-modulo-6-lautomatisation-du-batiment-de-la-prochaine-generation\/\",\"url\":\"https:\/\/www.sauter-building-control.ch\/fr\/entreprise\/actualites\/newsletter\/januar-2020\/sauter-modulo-6-lautomatisation-du-batiment-de-la-prochaine-generation\/\",\"name\":\"SAUTER modulo 6 - L'automatisation du b\u00e2timent de la prochaine g\u00e9n\u00e9ration - SAUTER Schweiz\",\"isPartOf\":{\"@id\":\"https:\/\/www.sauter-building-control.ch\/#website\"},\"datePublished\":\"2020-01-13T08:13:07+00:00\",\"dateModified\":\"2020-01-28T13:40:35+00:00\",\"breadcrumb\":{\"@id\":\"https:\/\/www.sauter-building-control.ch\/fr\/entreprise\/actualites\/newsletter\/januar-2020\/sauter-modulo-6-lautomatisation-du-batiment-de-la-prochaine-generation\/#breadcrumb\"},\"inLanguage\":\"fr-FR\",\"potentialAction\":[{\"@type\":\"ReadAction\",\"target\":[\"https:\/\/www.sauter-building-control.ch\/fr\/entreprise\/actualites\/newsletter\/januar-2020\/sauter-modulo-6-lautomatisation-du-batiment-de-la-prochaine-generation\/\"]}]},{\"@type\":\"BreadcrumbList\",\"@id\":\"https:\/\/www.sauter-building-control.ch\/fr\/entreprise\/actualites\/newsletter\/januar-2020\/sauter-modulo-6-lautomatisation-du-batiment-de-la-prochaine-generation\/#breadcrumb\",\"itemListElement\":[{\"@type\":\"ListItem\",\"position\":1,\"name\":\"Home\",\"item\":\"https:\/\/www.sauter-building-control.ch\/fr\/\"},{\"@type\":\"ListItem\",\"position\":2,\"name\":\"Entreprise\",\"item\":\"https:\/\/www.sauter-building-control.ch\/fr\/entreprise\/\"},{\"@type\":\"ListItem\",\"position\":3,\"name\":\"Actualit\u00e9s\",\"item\":\"https:\/\/www.sauter-building-control.ch\/fr\/entreprise\/actualites\/\"},{\"@type\":\"ListItem\",\"position\":4,\"name\":\"Newsletter\",\"item\":\"https:\/\/www.sauter-building-control.ch\/fr\/entreprise\/actualites\/newsletter\/\"},{\"@type\":\"ListItem\",\"position\":5,\"name\":\"Janvier 2020\",\"item\":\"https:\/\/www.sauter-building-control.ch\/fr\/?page_id=36289\"},{\"@type\":\"ListItem\",\"position\":6,\"name\":\"SAUTER modulo 6 &#8211; L&rsquo;automatisation du b\u00e2timent de la prochaine g\u00e9n\u00e9ration\"}]},{\"@type\":\"WebSite\",\"@id\":\"https:\/\/www.sauter-building-control.ch\/#website\",\"url\":\"https:\/\/www.sauter-building-control.ch\/\",\"name\":\"SAUTER Schweiz\",\"description\":\"\",\"potentialAction\":[{\"@type\":\"SearchAction\",\"target\":{\"@type\":\"EntryPoint\",\"urlTemplate\":\"https:\/\/www.sauter-building-control.ch\/?s={search_term_string}\"},\"query-input\":{\"@type\":\"PropertyValueSpecification\",\"valueRequired\":true,\"valueName\":\"search_term_string\"}}],\"inLanguage\":\"fr-FR\"}]}<\/script>\n<!-- \/ Yoast SEO plugin. -->","yoast_head_json":{"title":"SAUTER modulo 6 - L'automatisation du b\u00e2timent de la prochaine g\u00e9n\u00e9ration - SAUTER Schweiz","robots":{"index":"index","follow":"follow","max-snippet":"max-snippet:-1","max-image-preview":"max-image-preview:large","max-video-preview":"max-video-preview:-1"},"canonical":"https:\/\/www.sauter-building-control.ch\/fr\/entreprise\/actualites\/newsletter\/januar-2020\/sauter-modulo-6-lautomatisation-du-batiment-de-la-prochaine-generation\/","og_locale":"fr_FR","og_type":"article","og_title":"SAUTER modulo 6 - L'automatisation du b\u00e2timent de la prochaine g\u00e9n\u00e9ration - SAUTER Schweiz","og_url":"https:\/\/www.sauter-building-control.ch\/fr\/entreprise\/actualites\/newsletter\/januar-2020\/sauter-modulo-6-lautomatisation-du-batiment-de-la-prochaine-generation\/","og_site_name":"SAUTER Schweiz","article_modified_time":"2020-01-28T13:40:35+00:00","twitter_card":"summary_large_image","schema":{"@context":"https:\/\/schema.org","@graph":[{"@type":"WebPage","@id":"https:\/\/www.sauter-building-control.ch\/fr\/entreprise\/actualites\/newsletter\/januar-2020\/sauter-modulo-6-lautomatisation-du-batiment-de-la-prochaine-generation\/","url":"https:\/\/www.sauter-building-control.ch\/fr\/entreprise\/actualites\/newsletter\/januar-2020\/sauter-modulo-6-lautomatisation-du-batiment-de-la-prochaine-generation\/","name":"SAUTER modulo 6 - L'automatisation du b\u00e2timent de la prochaine g\u00e9n\u00e9ration - SAUTER Schweiz","isPartOf":{"@id":"https:\/\/www.sauter-building-control.ch\/#website"},"datePublished":"2020-01-13T08:13:07+00:00","dateModified":"2020-01-28T13:40:35+00:00","breadcrumb":{"@id":"https:\/\/www.sauter-building-control.ch\/fr\/entreprise\/actualites\/newsletter\/januar-2020\/sauter-modulo-6-lautomatisation-du-batiment-de-la-prochaine-generation\/#breadcrumb"},"inLanguage":"fr-FR","potentialAction":[{"@type":"ReadAction","target":["https:\/\/www.sauter-building-control.ch\/fr\/entreprise\/actualites\/newsletter\/januar-2020\/sauter-modulo-6-lautomatisation-du-batiment-de-la-prochaine-generation\/"]}]},{"@type":"BreadcrumbList","@id":"https:\/\/www.sauter-building-control.ch\/fr\/entreprise\/actualites\/newsletter\/januar-2020\/sauter-modulo-6-lautomatisation-du-batiment-de-la-prochaine-generation\/#breadcrumb","itemListElement":[{"@type":"ListItem","position":1,"name":"Home","item":"https:\/\/www.sauter-building-control.ch\/fr\/"},{"@type":"ListItem","position":2,"name":"Entreprise","item":"https:\/\/www.sauter-building-control.ch\/fr\/entreprise\/"},{"@type":"ListItem","position":3,"name":"Actualit\u00e9s","item":"https:\/\/www.sauter-building-control.ch\/fr\/entreprise\/actualites\/"},{"@type":"ListItem","position":4,"name":"Newsletter","item":"https:\/\/www.sauter-building-control.ch\/fr\/entreprise\/actualites\/newsletter\/"},{"@type":"ListItem","position":5,"name":"Janvier 2020","item":"https:\/\/www.sauter-building-control.ch\/fr\/?page_id=36289"},{"@type":"ListItem","position":6,"name":"SAUTER modulo 6 &#8211; L&rsquo;automatisation du b\u00e2timent de la prochaine g\u00e9n\u00e9ration"}]},{"@type":"WebSite","@id":"https:\/\/www.sauter-building-control.ch\/#website","url":"https:\/\/www.sauter-building-control.ch\/","name":"SAUTER Schweiz","description":"","potentialAction":[{"@type":"SearchAction","target":{"@type":"EntryPoint","urlTemplate":"https:\/\/www.sauter-building-control.ch\/?s={search_term_string}"},"query-input":{"@type":"PropertyValueSpecification","valueRequired":true,"valueName":"search_term_string"}}],"inLanguage":"fr-FR"}]}},"_links":{"self":[{"href":"https:\/\/www.sauter-building-control.ch\/fr\/wp-json\/wp\/v2\/pages\/36661","targetHints":{"allow":["GET"]}}],"collection":[{"href":"https:\/\/www.sauter-building-control.ch\/fr\/wp-json\/wp\/v2\/pages"}],"about":[{"href":"https:\/\/www.sauter-building-control.ch\/fr\/wp-json\/wp\/v2\/types\/page"}],"author":[{"embeddable":true,"href":"https:\/\/www.sauter-building-control.ch\/fr\/wp-json\/wp\/v2\/users\/18"}],"replies":[{"embeddable":true,"href":"https:\/\/www.sauter-building-control.ch\/fr\/wp-json\/wp\/v2\/comments?post=36661"}],"version-history":[{"count":3,"href":"https:\/\/www.sauter-building-control.ch\/fr\/wp-json\/wp\/v2\/pages\/36661\/revisions"}],"predecessor-version":[{"id":36680,"href":"https:\/\/www.sauter-building-control.ch\/fr\/wp-json\/wp\/v2\/pages\/36661\/revisions\/36680"}],"up":[{"embeddable":true,"href":"https:\/\/www.sauter-building-control.ch\/fr\/wp-json\/wp\/v2\/pages\/36289"}],"wp:attachment":[{"href":"https:\/\/www.sauter-building-control.ch\/fr\/wp-json\/wp\/v2\/media?parent=36661"}],"curies":[{"name":"wp","href":"https:\/\/api.w.org\/{rel}","templated":true}]}}