{"id":36442,"date":"2018-10-17T10:24:43","date_gmt":"2018-10-17T10:24:43","guid":{"rendered":"https:\/\/www.sauter-building-control.ch\/uber-uns\/"},"modified":"2026-03-30T11:20:49","modified_gmt":"2026-03-30T11:20:49","slug":"groupe-sauter","status":"publish","type":"page","link":"https:\/\/www.sauter-building-control.ch\/fr\/groupe-sauter\/","title":{"rendered":"Groupe SAUTER"},"content":{"rendered":"","protected":false},"excerpt":{"rendered":"","protected":false},"author":1,"featured_media":0,"parent":0,"menu_order":64,"comment_status":"closed","ping_status":"closed","template":"page-uber-uns.php","meta":{"_acf_changed":false,"footnotes":""},"class_list":["post-36442","page","type-page","status-publish","hentry"],"acf":[],"yoast_head":"<!-- This site is optimized with the Yoast SEO plugin v26.1.1 - https:\/\/yoast.com\/wordpress\/plugins\/seo\/ -->\n<title>Groupe SAUTER - SAUTER Schweiz<\/title>\n<meta name=\"description\" content=\"Trouvez des informations sur notre entreprise et nos comp\u00e9tences cl\u00e9s : R\u00e9alisation et gestion d\u2019installations CVC et Electriques \u2713 Int\u00e9gration de syst\u00e8mes tiers \u2713 Facility management technique \u2713 Produits de r\u00e9gulation que de contr\u00f4le \u2713\" \/>\n<meta name=\"robots\" content=\"index, follow, max-snippet:-1, max-image-preview:large, max-video-preview:-1\" \/>\n<link rel=\"canonical\" href=\"https:\/\/www.sauter-building-control.ch\/fr\/groupe-sauter\/\" \/>\n<meta property=\"og:locale\" content=\"fr_FR\" \/>\n<meta property=\"og:type\" content=\"article\" \/>\n<meta property=\"og:title\" content=\"Groupe SAUTER - SAUTER Schweiz\" \/>\n<meta property=\"og:description\" content=\"Trouvez des informations sur notre entreprise et nos comp\u00e9tences cl\u00e9s : R\u00e9alisation et gestion d\u2019installations CVC et Electriques \u2713 Int\u00e9gration de syst\u00e8mes tiers \u2713 Facility management technique \u2713 Produits de r\u00e9gulation que de contr\u00f4le \u2713\" \/>\n<meta property=\"og:url\" content=\"https:\/\/www.sauter-building-control.ch\/fr\/groupe-sauter\/\" \/>\n<meta property=\"og:site_name\" content=\"SAUTER Schweiz\" \/>\n<meta property=\"article:modified_time\" content=\"2026-03-30T11:20:49+00:00\" \/>\n<meta name=\"twitter:card\" content=\"summary_large_image\" \/>\n<script type=\"application\/ld+json\" class=\"yoast-schema-graph\">{\"@context\":\"https:\/\/schema.org\",\"@graph\":[{\"@type\":\"WebPage\",\"@id\":\"https:\/\/www.sauter-building-control.ch\/fr\/groupe-sauter\/\",\"url\":\"https:\/\/www.sauter-building-control.ch\/fr\/groupe-sauter\/\",\"name\":\"Groupe SAUTER - SAUTER Schweiz\",\"isPartOf\":{\"@id\":\"https:\/\/www.sauter-building-control.ch\/#website\"},\"datePublished\":\"2018-10-17T10:24:43+00:00\",\"dateModified\":\"2026-03-30T11:20:49+00:00\",\"description\":\"Trouvez des informations sur notre entreprise et nos comp\u00e9tences cl\u00e9s : R\u00e9alisation et gestion d\u2019installations CVC et Electriques \u2713 Int\u00e9gration de syst\u00e8mes tiers \u2713 Facility management technique \u2713 Produits de r\u00e9gulation que de contr\u00f4le \u2713\",\"breadcrumb\":{\"@id\":\"https:\/\/www.sauter-building-control.ch\/fr\/groupe-sauter\/#breadcrumb\"},\"inLanguage\":\"fr-FR\",\"potentialAction\":[{\"@type\":\"ReadAction\",\"target\":[\"https:\/\/www.sauter-building-control.ch\/fr\/groupe-sauter\/\"]}]},{\"@type\":\"BreadcrumbList\",\"@id\":\"https:\/\/www.sauter-building-control.ch\/fr\/groupe-sauter\/#breadcrumb\",\"itemListElement\":[{\"@type\":\"ListItem\",\"position\":1,\"name\":\"Home\",\"item\":\"https:\/\/www.sauter-building-control.ch\/fr\/\"},{\"@type\":\"ListItem\",\"position\":2,\"name\":\"Groupe SAUTER\"}]},{\"@type\":\"WebSite\",\"@id\":\"https:\/\/www.sauter-building-control.ch\/#website\",\"url\":\"https:\/\/www.sauter-building-control.ch\/\",\"name\":\"SAUTER Schweiz\",\"description\":\"\",\"potentialAction\":[{\"@type\":\"SearchAction\",\"target\":{\"@type\":\"EntryPoint\",\"urlTemplate\":\"https:\/\/www.sauter-building-control.ch\/?s={search_term_string}\"},\"query-input\":{\"@type\":\"PropertyValueSpecification\",\"valueRequired\":true,\"valueName\":\"search_term_string\"}}],\"inLanguage\":\"fr-FR\"}]}<\/script>\n<!-- \/ Yoast SEO plugin. -->","yoast_head_json":{"title":"Groupe SAUTER - SAUTER Schweiz","description":"Trouvez des informations sur notre entreprise et nos comp\u00e9tences cl\u00e9s : R\u00e9alisation et gestion d\u2019installations CVC et Electriques \u2713 Int\u00e9gration de syst\u00e8mes tiers \u2713 Facility management technique \u2713 Produits de r\u00e9gulation que de contr\u00f4le \u2713","robots":{"index":"index","follow":"follow","max-snippet":"max-snippet:-1","max-image-preview":"max-image-preview:large","max-video-preview":"max-video-preview:-1"},"canonical":"https:\/\/www.sauter-building-control.ch\/fr\/groupe-sauter\/","og_locale":"fr_FR","og_type":"article","og_title":"Groupe SAUTER - SAUTER Schweiz","og_description":"Trouvez des informations sur notre entreprise et nos comp\u00e9tences cl\u00e9s : R\u00e9alisation et gestion d\u2019installations CVC et Electriques \u2713 Int\u00e9gration de syst\u00e8mes tiers \u2713 Facility management technique \u2713 Produits de r\u00e9gulation que de contr\u00f4le \u2713","og_url":"https:\/\/www.sauter-building-control.ch\/fr\/groupe-sauter\/","og_site_name":"SAUTER Schweiz","article_modified_time":"2026-03-30T11:20:49+00:00","twitter_card":"summary_large_image","schema":{"@context":"https:\/\/schema.org","@graph":[{"@type":"WebPage","@id":"https:\/\/www.sauter-building-control.ch\/fr\/groupe-sauter\/","url":"https:\/\/www.sauter-building-control.ch\/fr\/groupe-sauter\/","name":"Groupe SAUTER - SAUTER Schweiz","isPartOf":{"@id":"https:\/\/www.sauter-building-control.ch\/#website"},"datePublished":"2018-10-17T10:24:43+00:00","dateModified":"2026-03-30T11:20:49+00:00","description":"Trouvez des informations sur notre entreprise et nos comp\u00e9tences cl\u00e9s : R\u00e9alisation et gestion d\u2019installations CVC et Electriques \u2713 Int\u00e9gration de syst\u00e8mes tiers \u2713 Facility management technique \u2713 Produits de r\u00e9gulation que de contr\u00f4le \u2713","breadcrumb":{"@id":"https:\/\/www.sauter-building-control.ch\/fr\/groupe-sauter\/#breadcrumb"},"inLanguage":"fr-FR","potentialAction":[{"@type":"ReadAction","target":["https:\/\/www.sauter-building-control.ch\/fr\/groupe-sauter\/"]}]},{"@type":"BreadcrumbList","@id":"https:\/\/www.sauter-building-control.ch\/fr\/groupe-sauter\/#breadcrumb","itemListElement":[{"@type":"ListItem","position":1,"name":"Home","item":"https:\/\/www.sauter-building-control.ch\/fr\/"},{"@type":"ListItem","position":2,"name":"Groupe SAUTER"}]},{"@type":"WebSite","@id":"https:\/\/www.sauter-building-control.ch\/#website","url":"https:\/\/www.sauter-building-control.ch\/","name":"SAUTER Schweiz","description":"","potentialAction":[{"@type":"SearchAction","target":{"@type":"EntryPoint","urlTemplate":"https:\/\/www.sauter-building-control.ch\/?s={search_term_string}"},"query-input":{"@type":"PropertyValueSpecification","valueRequired":true,"valueName":"search_term_string"}}],"inLanguage":"fr-FR"}]}},"_links":{"self":[{"href":"https:\/\/www.sauter-building-control.ch\/fr\/wp-json\/wp\/v2\/pages\/36442","targetHints":{"allow":["GET"]}}],"collection":[{"href":"https:\/\/www.sauter-building-control.ch\/fr\/wp-json\/wp\/v2\/pages"}],"about":[{"href":"https:\/\/www.sauter-building-control.ch\/fr\/wp-json\/wp\/v2\/types\/page"}],"author":[{"embeddable":true,"href":"https:\/\/www.sauter-building-control.ch\/fr\/wp-json\/wp\/v2\/users\/1"}],"replies":[{"embeddable":true,"href":"https:\/\/www.sauter-building-control.ch\/fr\/wp-json\/wp\/v2\/comments?post=36442"}],"version-history":[{"count":38,"href":"https:\/\/www.sauter-building-control.ch\/fr\/wp-json\/wp\/v2\/pages\/36442\/revisions"}],"predecessor-version":[{"id":49121,"href":"https:\/\/www.sauter-building-control.ch\/fr\/wp-json\/wp\/v2\/pages\/36442\/revisions\/49121"}],"wp:attachment":[{"href":"https:\/\/www.sauter-building-control.ch\/fr\/wp-json\/wp\/v2\/media?parent=36442"}],"curies":[{"name":"wp","href":"https:\/\/api.w.org\/{rel}","templated":true}]}}