{"id":35701,"date":"2019-10-21T05:56:43","date_gmt":"2019-10-21T05:56:43","guid":{"rendered":"https:\/\/www.sauter-building-control.ch\/?page_id=35701"},"modified":"2019-10-21T05:56:49","modified_gmt":"2019-10-21T05:56:49","slug":"lautomatisation-de-locaux-integree-de-sauter-lavantage-de-consommer-peu-denergie","status":"publish","type":"page","link":"https:\/\/www.sauter-building-control.ch\/fr\/entreprise\/actualites\/newsletter\/april-2018\/lautomatisation-de-locaux-integree-de-sauter-lavantage-de-consommer-peu-denergie\/","title":{"rendered":"L&rsquo;automatisation de locaux int\u00e9gr\u00e9e de SAUTER &#8211; l&rsquo;avantage de consommer peu d&rsquo;\u00e9nergie"},"content":{"rendered":"","protected":false},"excerpt":{"rendered":"","protected":false},"author":18,"featured_media":0,"parent":34691,"menu_order":110,"comment_status":"closed","ping_status":"closed","template":"cadre-flexible.php","meta":{"_acf_changed":false,"footnotes":""},"class_list":["post-35701","page","type-page","status-publish","hentry"],"acf":[],"yoast_head":"<!-- This site is optimized with the Yoast SEO plugin v26.1.1 - https:\/\/yoast.com\/wordpress\/plugins\/seo\/ -->\n<title>L&#039;automatisation de locaux int\u00e9gr\u00e9e de SAUTER - l&#039;avantage de consommer peu d&#039;\u00e9nergie - SAUTER Schweiz<\/title>\n<meta name=\"robots\" content=\"index, follow, max-snippet:-1, max-image-preview:large, max-video-preview:-1\" \/>\n<link rel=\"canonical\" href=\"https:\/\/www.sauter-building-control.ch\/fr\/entreprise\/actualites\/newsletter\/april-2018\/lautomatisation-de-locaux-integree-de-sauter-lavantage-de-consommer-peu-denergie\/\" \/>\n<meta property=\"og:locale\" content=\"fr_FR\" \/>\n<meta property=\"og:type\" content=\"article\" \/>\n<meta property=\"og:title\" content=\"L&#039;automatisation de locaux int\u00e9gr\u00e9e de SAUTER - l&#039;avantage de consommer peu d&#039;\u00e9nergie - SAUTER Schweiz\" \/>\n<meta property=\"og:url\" content=\"https:\/\/www.sauter-building-control.ch\/fr\/entreprise\/actualites\/newsletter\/april-2018\/lautomatisation-de-locaux-integree-de-sauter-lavantage-de-consommer-peu-denergie\/\" \/>\n<meta property=\"og:site_name\" content=\"SAUTER Schweiz\" \/>\n<meta property=\"article:modified_time\" content=\"2019-10-21T05:56:49+00:00\" \/>\n<meta name=\"twitter:card\" content=\"summary_large_image\" \/>\n<script type=\"application\/ld+json\" class=\"yoast-schema-graph\">{\"@context\":\"https:\/\/schema.org\",\"@graph\":[{\"@type\":\"WebPage\",\"@id\":\"https:\/\/www.sauter-building-control.ch\/fr\/entreprise\/actualites\/newsletter\/april-2018\/lautomatisation-de-locaux-integree-de-sauter-lavantage-de-consommer-peu-denergie\/\",\"url\":\"https:\/\/www.sauter-building-control.ch\/fr\/entreprise\/actualites\/newsletter\/april-2018\/lautomatisation-de-locaux-integree-de-sauter-lavantage-de-consommer-peu-denergie\/\",\"name\":\"L'automatisation de locaux int\u00e9gr\u00e9e de SAUTER - l'avantage de consommer peu d'\u00e9nergie - SAUTER Schweiz\",\"isPartOf\":{\"@id\":\"https:\/\/www.sauter-building-control.ch\/#website\"},\"datePublished\":\"2019-10-21T05:56:43+00:00\",\"dateModified\":\"2019-10-21T05:56:49+00:00\",\"breadcrumb\":{\"@id\":\"https:\/\/www.sauter-building-control.ch\/fr\/entreprise\/actualites\/newsletter\/april-2018\/lautomatisation-de-locaux-integree-de-sauter-lavantage-de-consommer-peu-denergie\/#breadcrumb\"},\"inLanguage\":\"fr-FR\",\"potentialAction\":[{\"@type\":\"ReadAction\",\"target\":[\"https:\/\/www.sauter-building-control.ch\/fr\/entreprise\/actualites\/newsletter\/april-2018\/lautomatisation-de-locaux-integree-de-sauter-lavantage-de-consommer-peu-denergie\/\"]}]},{\"@type\":\"BreadcrumbList\",\"@id\":\"https:\/\/www.sauter-building-control.ch\/fr\/entreprise\/actualites\/newsletter\/april-2018\/lautomatisation-de-locaux-integree-de-sauter-lavantage-de-consommer-peu-denergie\/#breadcrumb\",\"itemListElement\":[{\"@type\":\"ListItem\",\"position\":1,\"name\":\"Home\",\"item\":\"https:\/\/www.sauter-building-control.ch\/fr\/\"},{\"@type\":\"ListItem\",\"position\":2,\"name\":\"Entreprise\",\"item\":\"https:\/\/www.sauter-building-control.ch\/fr\/entreprise\/\"},{\"@type\":\"ListItem\",\"position\":3,\"name\":\"Actualit\u00e9s\",\"item\":\"https:\/\/www.sauter-building-control.ch\/fr\/entreprise\/actualites\/\"},{\"@type\":\"ListItem\",\"position\":4,\"name\":\"Newsletter\",\"item\":\"https:\/\/www.sauter-building-control.ch\/fr\/entreprise\/actualites\/newsletter\/\"},{\"@type\":\"ListItem\",\"position\":5,\"name\":\"Avril 2018\",\"item\":\"https:\/\/www.sauter-building-control.ch\/fr\/?page_id=34691\"},{\"@type\":\"ListItem\",\"position\":6,\"name\":\"L&rsquo;automatisation de locaux int\u00e9gr\u00e9e de SAUTER &#8211; l&rsquo;avantage de consommer peu d&rsquo;\u00e9nergie\"}]},{\"@type\":\"WebSite\",\"@id\":\"https:\/\/www.sauter-building-control.ch\/#website\",\"url\":\"https:\/\/www.sauter-building-control.ch\/\",\"name\":\"SAUTER Schweiz\",\"description\":\"\",\"potentialAction\":[{\"@type\":\"SearchAction\",\"target\":{\"@type\":\"EntryPoint\",\"urlTemplate\":\"https:\/\/www.sauter-building-control.ch\/?s={search_term_string}\"},\"query-input\":{\"@type\":\"PropertyValueSpecification\",\"valueRequired\":true,\"valueName\":\"search_term_string\"}}],\"inLanguage\":\"fr-FR\"}]}<\/script>\n<!-- \/ Yoast SEO plugin. -->","yoast_head_json":{"title":"L'automatisation de locaux int\u00e9gr\u00e9e de SAUTER - l'avantage de consommer peu d'\u00e9nergie - SAUTER Schweiz","robots":{"index":"index","follow":"follow","max-snippet":"max-snippet:-1","max-image-preview":"max-image-preview:large","max-video-preview":"max-video-preview:-1"},"canonical":"https:\/\/www.sauter-building-control.ch\/fr\/entreprise\/actualites\/newsletter\/april-2018\/lautomatisation-de-locaux-integree-de-sauter-lavantage-de-consommer-peu-denergie\/","og_locale":"fr_FR","og_type":"article","og_title":"L'automatisation de locaux int\u00e9gr\u00e9e de SAUTER - l'avantage de consommer peu d'\u00e9nergie - SAUTER Schweiz","og_url":"https:\/\/www.sauter-building-control.ch\/fr\/entreprise\/actualites\/newsletter\/april-2018\/lautomatisation-de-locaux-integree-de-sauter-lavantage-de-consommer-peu-denergie\/","og_site_name":"SAUTER Schweiz","article_modified_time":"2019-10-21T05:56:49+00:00","twitter_card":"summary_large_image","schema":{"@context":"https:\/\/schema.org","@graph":[{"@type":"WebPage","@id":"https:\/\/www.sauter-building-control.ch\/fr\/entreprise\/actualites\/newsletter\/april-2018\/lautomatisation-de-locaux-integree-de-sauter-lavantage-de-consommer-peu-denergie\/","url":"https:\/\/www.sauter-building-control.ch\/fr\/entreprise\/actualites\/newsletter\/april-2018\/lautomatisation-de-locaux-integree-de-sauter-lavantage-de-consommer-peu-denergie\/","name":"L'automatisation de locaux int\u00e9gr\u00e9e de SAUTER - l'avantage de consommer peu d'\u00e9nergie - SAUTER Schweiz","isPartOf":{"@id":"https:\/\/www.sauter-building-control.ch\/#website"},"datePublished":"2019-10-21T05:56:43+00:00","dateModified":"2019-10-21T05:56:49+00:00","breadcrumb":{"@id":"https:\/\/www.sauter-building-control.ch\/fr\/entreprise\/actualites\/newsletter\/april-2018\/lautomatisation-de-locaux-integree-de-sauter-lavantage-de-consommer-peu-denergie\/#breadcrumb"},"inLanguage":"fr-FR","potentialAction":[{"@type":"ReadAction","target":["https:\/\/www.sauter-building-control.ch\/fr\/entreprise\/actualites\/newsletter\/april-2018\/lautomatisation-de-locaux-integree-de-sauter-lavantage-de-consommer-peu-denergie\/"]}]},{"@type":"BreadcrumbList","@id":"https:\/\/www.sauter-building-control.ch\/fr\/entreprise\/actualites\/newsletter\/april-2018\/lautomatisation-de-locaux-integree-de-sauter-lavantage-de-consommer-peu-denergie\/#breadcrumb","itemListElement":[{"@type":"ListItem","position":1,"name":"Home","item":"https:\/\/www.sauter-building-control.ch\/fr\/"},{"@type":"ListItem","position":2,"name":"Entreprise","item":"https:\/\/www.sauter-building-control.ch\/fr\/entreprise\/"},{"@type":"ListItem","position":3,"name":"Actualit\u00e9s","item":"https:\/\/www.sauter-building-control.ch\/fr\/entreprise\/actualites\/"},{"@type":"ListItem","position":4,"name":"Newsletter","item":"https:\/\/www.sauter-building-control.ch\/fr\/entreprise\/actualites\/newsletter\/"},{"@type":"ListItem","position":5,"name":"Avril 2018","item":"https:\/\/www.sauter-building-control.ch\/fr\/?page_id=34691"},{"@type":"ListItem","position":6,"name":"L&rsquo;automatisation de locaux int\u00e9gr\u00e9e de SAUTER &#8211; l&rsquo;avantage de consommer peu d&rsquo;\u00e9nergie"}]},{"@type":"WebSite","@id":"https:\/\/www.sauter-building-control.ch\/#website","url":"https:\/\/www.sauter-building-control.ch\/","name":"SAUTER Schweiz","description":"","potentialAction":[{"@type":"SearchAction","target":{"@type":"EntryPoint","urlTemplate":"https:\/\/www.sauter-building-control.ch\/?s={search_term_string}"},"query-input":{"@type":"PropertyValueSpecification","valueRequired":true,"valueName":"search_term_string"}}],"inLanguage":"fr-FR"}]}},"_links":{"self":[{"href":"https:\/\/www.sauter-building-control.ch\/fr\/wp-json\/wp\/v2\/pages\/35701","targetHints":{"allow":["GET"]}}],"collection":[{"href":"https:\/\/www.sauter-building-control.ch\/fr\/wp-json\/wp\/v2\/pages"}],"about":[{"href":"https:\/\/www.sauter-building-control.ch\/fr\/wp-json\/wp\/v2\/types\/page"}],"author":[{"embeddable":true,"href":"https:\/\/www.sauter-building-control.ch\/fr\/wp-json\/wp\/v2\/users\/18"}],"replies":[{"embeddable":true,"href":"https:\/\/www.sauter-building-control.ch\/fr\/wp-json\/wp\/v2\/comments?post=35701"}],"version-history":[{"count":6,"href":"https:\/\/www.sauter-building-control.ch\/fr\/wp-json\/wp\/v2\/pages\/35701\/revisions"}],"predecessor-version":[{"id":35750,"href":"https:\/\/www.sauter-building-control.ch\/fr\/wp-json\/wp\/v2\/pages\/35701\/revisions\/35750"}],"up":[{"embeddable":true,"href":"https:\/\/www.sauter-building-control.ch\/fr\/wp-json\/wp\/v2\/pages\/34691"}],"wp:attachment":[{"href":"https:\/\/www.sauter-building-control.ch\/fr\/wp-json\/wp\/v2\/media?parent=35701"}],"curies":[{"name":"wp","href":"https:\/\/api.w.org\/{rel}","templated":true}]}}