{"id":2466,"date":"2018-12-06T12:45:37","date_gmt":"2018-12-06T11:45:37","guid":{"rendered":"http:\/\/www.sauter.fr\/entreprise\/jobs-und-karriere\/"},"modified":"2019-06-19T11:22:56","modified_gmt":"2019-06-19T11:22:56","slug":"emplois-et-carriere","status":"publish","type":"page","link":"https:\/\/www.sauter-building-control.ch\/fr\/entreprise\/emplois-et-carriere\/","title":{"rendered":"Emplois et Carri\u00e8re"},"content":{"rendered":"","protected":false},"excerpt":{"rendered":"","protected":false},"author":1,"featured_media":0,"parent":2464,"menu_order":111,"comment_status":"closed","ping_status":"closed","template":"jobs-und-karriere.php","meta":{"_acf_changed":false,"footnotes":""},"class_list":["post-2466","page","type-page","status-publish","hentry"],"acf":{"slider":[{"image_slide":{"ID":33476,"id":33476,"title":"AdobeStock_86810169_Webseite_HR","filename":"AdobeStock_86810169_Webseite_HR.jpg","filesize":184292,"url":"https:\/\/www.sauter-building-control.ch\/wp-content\/uploads\/sites\/14\/2019\/06\/AdobeStock_86810169_Webseite_HR.jpg","link":"https:\/\/www.sauter-building-control.ch\/fr\/entreprise\/emplois-et-carriere\/adobestock_86810169_webseite_hr\/","alt":"","author":"1","description":"","caption":"","name":"adobestock_86810169_webseite_hr","status":"inherit","uploaded_to":2466,"date":"2019-06-19 11:15:54","modified":"2019-06-19 11:15:54","menu_order":0,"mime_type":"image\/jpeg","type":"image","subtype":"jpeg","icon":"https:\/\/www.sauter-building-control.ch\/wp-includes\/images\/media\/default.png","width":2000,"height":1335,"sizes":{"thumbnail":"https:\/\/www.sauter-building-control.ch\/wp-content\/uploads\/sites\/14\/2019\/06\/AdobeStock_86810169_Webseite_HR-150x150.jpg","thumbnail-width":150,"thumbnail-height":150,"medium":"https:\/\/www.sauter-building-control.ch\/wp-content\/uploads\/sites\/14\/2019\/06\/AdobeStock_86810169_Webseite_HR-300x200.jpg","medium-width":300,"medium-height":200,"medium_large":"https:\/\/www.sauter-building-control.ch\/wp-content\/uploads\/sites\/14\/2019\/06\/AdobeStock_86810169_Webseite_HR-768x513.jpg","medium_large-width":648,"medium_large-height":433,"large":"https:\/\/www.sauter-building-control.ch\/wp-content\/uploads\/sites\/14\/2019\/06\/AdobeStock_86810169_Webseite_HR-1024x684.jpg","large-width":648,"large-height":433,"1536x1536":"https:\/\/www.sauter-building-control.ch\/wp-content\/uploads\/sites\/14\/2019\/06\/AdobeStock_86810169_Webseite_HR.jpg","1536x1536-width":1536,"1536x1536-height":1025,"2048x2048":"https:\/\/www.sauter-building-control.ch\/wp-content\/uploads\/sites\/14\/2019\/06\/AdobeStock_86810169_Webseite_HR.jpg","2048x2048-width":2000,"2048x2048-height":1335,"sparkling-featured":"https:\/\/www.sauter-building-control.ch\/wp-content\/uploads\/sites\/14\/2019\/06\/AdobeStock_86810169_Webseite_HR-750x410.jpg","sparkling-featured-width":750,"sparkling-featured-height":410,"sparkling-featured-fullwidth":"https:\/\/www.sauter-building-control.ch\/wp-content\/uploads\/sites\/14\/2019\/06\/AdobeStock_86810169_Webseite_HR.jpg","sparkling-featured-fullwidth-width":935,"sparkling-featured-fullwidth-height":624,"tab-small":"https:\/\/www.sauter-building-control.ch\/wp-content\/uploads\/sites\/14\/2019\/06\/AdobeStock_86810169_Webseite_HR-60x60.jpg","tab-small-width":60,"tab-small-height":60,"img-angebot":"https:\/\/www.sauter-building-control.ch\/wp-content\/uploads\/sites\/14\/2019\/06\/AdobeStock_86810169_Webseite_HR-360x290.jpg","img-angebot-width":360,"img-angebot-height":290,"img-produit":"https:\/\/www.sauter-building-control.ch\/wp-content\/uploads\/sites\/14\/2019\/06\/AdobeStock_86810169_Webseite_HR-290x333.jpg","img-produit-width":290,"img-produit-height":333,"img-fond":"https:\/\/www.sauter-building-control.ch\/wp-content\/uploads\/sites\/14\/2019\/06\/AdobeStock_86810169_Webseite_HR-1800x602.jpg","img-fond-width":1800,"img-fond-height":602,"img-article":"https:\/\/www.sauter-building-control.ch\/wp-content\/uploads\/sites\/14\/2019\/06\/AdobeStock_86810169_Webseite_HR-225x150.jpg","img-article-width":225,"img-article-height":150,"img-cadre":"https:\/\/www.sauter-building-control.ch\/wp-content\/uploads\/sites\/14\/2019\/06\/AdobeStock_86810169_Webseite_HR-375x330.jpg","img-cadre-width":375,"img-cadre-height":330,"slider":"https:\/\/www.sauter-building-control.ch\/wp-content\/uploads\/sites\/14\/2019\/06\/AdobeStock_86810169_Webseite_HR-1199x800.jpg","slider-width":1199,"slider-height":800,"img-prod-inno":"https:\/\/www.sauter-building-control.ch\/wp-content\/uploads\/sites\/14\/2019\/06\/AdobeStock_86810169_Webseite_HR-480x240.jpg","img-prod-inno-width":480,"img-prod-inno-height":240,"img-rpoduit-interne":"https:\/\/www.sauter-building-control.ch\/wp-content\/uploads\/sites\/14\/2019\/06\/AdobeStock_86810169_Webseite_HR-380x560.jpg","img-rpoduit-interne-width":380,"img-rpoduit-interne-height":560}},"texte":""}],"projekt":{"image_projekt":{"ID":33473,"id":33473,"title":"1578_People_Buero-min","filename":"1578_People_Buero-min.jpg","filesize":348062,"url":"https:\/\/www.sauter-building-control.ch\/wp-content\/uploads\/sites\/14\/2019\/06\/1578_People_Buero-min.jpg","link":"https:\/\/www.sauter-building-control.ch\/fr\/entreprise\/emplois-et-carriere\/1578_people_buero-min\/","alt":"","author":"1","description":"","caption":"","name":"1578_people_buero-min","status":"inherit","uploaded_to":2466,"date":"2019-06-19 11:15:03","modified":"2019-06-19 11:15:03","menu_order":0,"mime_type":"image\/jpeg","type":"image","subtype":"jpeg","icon":"https:\/\/www.sauter-building-control.ch\/wp-includes\/images\/media\/default.png","width":2000,"height":2006,"sizes":{"thumbnail":"https:\/\/www.sauter-building-control.ch\/wp-content\/uploads\/sites\/14\/2019\/06\/1578_People_Buero-min-150x150.jpg","thumbnail-width":150,"thumbnail-height":150,"medium":"https:\/\/www.sauter-building-control.ch\/wp-content\/uploads\/sites\/14\/2019\/06\/1578_People_Buero-min-300x300.jpg","medium-width":300,"medium-height":300,"medium_large":"https:\/\/www.sauter-building-control.ch\/wp-content\/uploads\/sites\/14\/2019\/06\/1578_People_Buero-min-768x770.jpg","medium_large-width":648,"medium_large-height":650,"large":"https:\/\/www.sauter-building-control.ch\/wp-content\/uploads\/sites\/14\/2019\/06\/1578_People_Buero-min-1021x1024.jpg","large-width":648,"large-height":650,"1536x1536":"https:\/\/www.sauter-building-control.ch\/wp-content\/uploads\/sites\/14\/2019\/06\/1578_People_Buero-min.jpg","1536x1536-width":1531,"1536x1536-height":1536,"2048x2048":"https:\/\/www.sauter-building-control.ch\/wp-content\/uploads\/sites\/14\/2019\/06\/1578_People_Buero-min.jpg","2048x2048-width":2000,"2048x2048-height":2006,"sparkling-featured":"https:\/\/www.sauter-building-control.ch\/wp-content\/uploads\/sites\/14\/2019\/06\/1578_People_Buero-min-750x410.jpg","sparkling-featured-width":750,"sparkling-featured-height":410,"sparkling-featured-fullwidth":"https:\/\/www.sauter-building-control.ch\/wp-content\/uploads\/sites\/14\/2019\/06\/1578_People_Buero-min.jpg","sparkling-featured-fullwidth-width":622,"sparkling-featured-fullwidth-height":624,"tab-small":"https:\/\/www.sauter-building-control.ch\/wp-content\/uploads\/sites\/14\/2019\/06\/1578_People_Buero-min-60x60.jpg","tab-small-width":60,"tab-small-height":60,"img-angebot":"https:\/\/www.sauter-building-control.ch\/wp-content\/uploads\/sites\/14\/2019\/06\/1578_People_Buero-min-360x290.jpg","img-angebot-width":360,"img-angebot-height":290,"img-produit":"https:\/\/www.sauter-building-control.ch\/wp-content\/uploads\/sites\/14\/2019\/06\/1578_People_Buero-min-290x333.jpg","img-produit-width":290,"img-produit-height":333,"img-fond":"https:\/\/www.sauter-building-control.ch\/wp-content\/uploads\/sites\/14\/2019\/06\/1578_People_Buero-min-1800x602.jpg","img-fond-width":1800,"img-fond-height":602,"img-article":"https:\/\/www.sauter-building-control.ch\/wp-content\/uploads\/sites\/14\/2019\/06\/1578_People_Buero-min-225x226.jpg","img-article-width":225,"img-article-height":226,"img-cadre":"https:\/\/www.sauter-building-control.ch\/wp-content\/uploads\/sites\/14\/2019\/06\/1578_People_Buero-min-375x330.jpg","img-cadre-width":375,"img-cadre-height":330,"slider":"https:\/\/www.sauter-building-control.ch\/wp-content\/uploads\/sites\/14\/2019\/06\/1578_People_Buero-min-798x800.jpg","slider-width":798,"slider-height":800,"img-prod-inno":"https:\/\/www.sauter-building-control.ch\/wp-content\/uploads\/sites\/14\/2019\/06\/1578_People_Buero-min-480x240.jpg","img-prod-inno-width":480,"img-prod-inno-height":240,"img-rpoduit-interne":"https:\/\/www.sauter-building-control.ch\/wp-content\/uploads\/sites\/14\/2019\/06\/1578_People_Buero-min-380x560.jpg","img-rpoduit-interne-width":380,"img-rpoduit-interne-height":560}},"titre":"SAUTER:  Votre employeur innovant ","link":"https:\/\/sauter-building-control.ch\/fr\/entreprise\/emplois-et-carriere\/sauter-votre-employeur-innovant\/"},"service":{"image_service":{"ID":33474,"id":33474,"title":"74179396_20","filename":"74179396_20.jpg","filesize":107152,"url":"https:\/\/www.sauter-building-control.ch\/wp-content\/uploads\/sites\/14\/2019\/06\/74179396_20.jpg","link":"https:\/\/www.sauter-building-control.ch\/fr\/entreprise\/emplois-et-carriere\/74179396_20\/","alt":"","author":"1","description":"","caption":"","name":"74179396_20","status":"inherit","uploaded_to":2466,"date":"2019-06-19 11:15:10","modified":"2019-06-19 11:15:10","menu_order":0,"mime_type":"image\/jpeg","type":"image","subtype":"jpeg","icon":"https:\/\/www.sauter-building-control.ch\/wp-includes\/images\/media\/default.png","width":1800,"height":1200,"sizes":{"thumbnail":"https:\/\/www.sauter-building-control.ch\/wp-content\/uploads\/sites\/14\/2019\/06\/74179396_20-150x150.jpg","thumbnail-width":150,"thumbnail-height":150,"medium":"https:\/\/www.sauter-building-control.ch\/wp-content\/uploads\/sites\/14\/2019\/06\/74179396_20-300x200.jpg","medium-width":300,"medium-height":200,"medium_large":"https:\/\/www.sauter-building-control.ch\/wp-content\/uploads\/sites\/14\/2019\/06\/74179396_20-768x512.jpg","medium_large-width":648,"medium_large-height":432,"large":"https:\/\/www.sauter-building-control.ch\/wp-content\/uploads\/sites\/14\/2019\/06\/74179396_20-1024x683.jpg","large-width":648,"large-height":432,"1536x1536":"https:\/\/www.sauter-building-control.ch\/wp-content\/uploads\/sites\/14\/2019\/06\/74179396_20.jpg","1536x1536-width":1536,"1536x1536-height":1024,"2048x2048":"https:\/\/www.sauter-building-control.ch\/wp-content\/uploads\/sites\/14\/2019\/06\/74179396_20.jpg","2048x2048-width":1800,"2048x2048-height":1200,"sparkling-featured":"https:\/\/www.sauter-building-control.ch\/wp-content\/uploads\/sites\/14\/2019\/06\/74179396_20-750x410.jpg","sparkling-featured-width":750,"sparkling-featured-height":410,"sparkling-featured-fullwidth":"https:\/\/www.sauter-building-control.ch\/wp-content\/uploads\/sites\/14\/2019\/06\/74179396_20.jpg","sparkling-featured-fullwidth-width":936,"sparkling-featured-fullwidth-height":624,"tab-small":"https:\/\/www.sauter-building-control.ch\/wp-content\/uploads\/sites\/14\/2019\/06\/74179396_20-60x60.jpg","tab-small-width":60,"tab-small-height":60,"img-angebot":"https:\/\/www.sauter-building-control.ch\/wp-content\/uploads\/sites\/14\/2019\/06\/74179396_20-360x290.jpg","img-angebot-width":360,"img-angebot-height":290,"img-produit":"https:\/\/www.sauter-building-control.ch\/wp-content\/uploads\/sites\/14\/2019\/06\/74179396_20-290x333.jpg","img-produit-width":290,"img-produit-height":333,"img-fond":"https:\/\/www.sauter-building-control.ch\/wp-content\/uploads\/sites\/14\/2019\/06\/74179396_20-1800x602.jpg","img-fond-width":1800,"img-fond-height":602,"img-article":"https:\/\/www.sauter-building-control.ch\/wp-content\/uploads\/sites\/14\/2019\/06\/74179396_20-225x150.jpg","img-article-width":225,"img-article-height":150,"img-cadre":"https:\/\/www.sauter-building-control.ch\/wp-content\/uploads\/sites\/14\/2019\/06\/74179396_20-375x330.jpg","img-cadre-width":375,"img-cadre-height":330,"slider":"https:\/\/www.sauter-building-control.ch\/wp-content\/uploads\/sites\/14\/2019\/06\/74179396_20-1200x800.jpg","slider-width":1200,"slider-height":800,"img-prod-inno":"https:\/\/www.sauter-building-control.ch\/wp-content\/uploads\/sites\/14\/2019\/06\/74179396_20-480x240.jpg","img-prod-inno-width":480,"img-prod-inno-height":240,"img-rpoduit-interne":"https:\/\/www.sauter-building-control.ch\/wp-content\/uploads\/sites\/14\/2019\/06\/74179396_20-380x560.jpg","img-rpoduit-interne-width":380,"img-rpoduit-interne-height":560}},"titre":"SAUTER:  Nos Emplois - Votre Carri\u00e8re ","link":"\/entreprise\/emplois-et-carriere\/sauter-nos-emplois-votre-carriere\/"},"facility_management":{"image_facility_management":{"ID":33475,"id":33475,"title":"AdobeStock_14105940_Lehrling_Elektronik","filename":"AdobeStock_14105940_Lehrling_Elektronik.jpg","filesize":143704,"url":"https:\/\/www.sauter-building-control.ch\/wp-content\/uploads\/sites\/14\/2019\/06\/AdobeStock_14105940_Lehrling_Elektronik.jpg","link":"https:\/\/www.sauter-building-control.ch\/fr\/entreprise\/emplois-et-carriere\/adobestock_14105940_lehrling_elektronik\/","alt":"","author":"1","description":"","caption":"","name":"adobestock_14105940_lehrling_elektronik","status":"inherit","uploaded_to":2466,"date":"2019-06-19 11:15:17","modified":"2019-06-19 11:15:17","menu_order":0,"mime_type":"image\/jpeg","type":"image","subtype":"jpeg","icon":"https:\/\/www.sauter-building-control.ch\/wp-includes\/images\/media\/default.png","width":2000,"height":1244,"sizes":{"thumbnail":"https:\/\/www.sauter-building-control.ch\/wp-content\/uploads\/sites\/14\/2019\/06\/AdobeStock_14105940_Lehrling_Elektronik-150x150.jpg","thumbnail-width":150,"thumbnail-height":150,"medium":"https:\/\/www.sauter-building-control.ch\/wp-content\/uploads\/sites\/14\/2019\/06\/AdobeStock_14105940_Lehrling_Elektronik-300x187.jpg","medium-width":300,"medium-height":187,"medium_large":"https:\/\/www.sauter-building-control.ch\/wp-content\/uploads\/sites\/14\/2019\/06\/AdobeStock_14105940_Lehrling_Elektronik-768x478.jpg","medium_large-width":648,"medium_large-height":403,"large":"https:\/\/www.sauter-building-control.ch\/wp-content\/uploads\/sites\/14\/2019\/06\/AdobeStock_14105940_Lehrling_Elektronik-1024x637.jpg","large-width":648,"large-height":403,"1536x1536":"https:\/\/www.sauter-building-control.ch\/wp-content\/uploads\/sites\/14\/2019\/06\/AdobeStock_14105940_Lehrling_Elektronik.jpg","1536x1536-width":1536,"1536x1536-height":955,"2048x2048":"https:\/\/www.sauter-building-control.ch\/wp-content\/uploads\/sites\/14\/2019\/06\/AdobeStock_14105940_Lehrling_Elektronik.jpg","2048x2048-width":2000,"2048x2048-height":1244,"sparkling-featured":"https:\/\/www.sauter-building-control.ch\/wp-content\/uploads\/sites\/14\/2019\/06\/AdobeStock_14105940_Lehrling_Elektronik-750x410.jpg","sparkling-featured-width":750,"sparkling-featured-height":410,"sparkling-featured-fullwidth":"https:\/\/www.sauter-building-control.ch\/wp-content\/uploads\/sites\/14\/2019\/06\/AdobeStock_14105940_Lehrling_Elektronik.jpg","sparkling-featured-fullwidth-width":1003,"sparkling-featured-fullwidth-height":624,"tab-small":"https:\/\/www.sauter-building-control.ch\/wp-content\/uploads\/sites\/14\/2019\/06\/AdobeStock_14105940_Lehrling_Elektronik-60x60.jpg","tab-small-width":60,"tab-small-height":60,"img-angebot":"https:\/\/www.sauter-building-control.ch\/wp-content\/uploads\/sites\/14\/2019\/06\/AdobeStock_14105940_Lehrling_Elektronik-360x290.jpg","img-angebot-width":360,"img-angebot-height":290,"img-produit":"https:\/\/www.sauter-building-control.ch\/wp-content\/uploads\/sites\/14\/2019\/06\/AdobeStock_14105940_Lehrling_Elektronik-290x333.jpg","img-produit-width":290,"img-produit-height":333,"img-fond":"https:\/\/www.sauter-building-control.ch\/wp-content\/uploads\/sites\/14\/2019\/06\/AdobeStock_14105940_Lehrling_Elektronik-1800x602.jpg","img-fond-width":1800,"img-fond-height":602,"img-article":"https:\/\/www.sauter-building-control.ch\/wp-content\/uploads\/sites\/14\/2019\/06\/AdobeStock_14105940_Lehrling_Elektronik-225x140.jpg","img-article-width":225,"img-article-height":140,"img-cadre":"https:\/\/www.sauter-building-control.ch\/wp-content\/uploads\/sites\/14\/2019\/06\/AdobeStock_14105940_Lehrling_Elektronik-375x330.jpg","img-cadre-width":375,"img-cadre-height":330,"slider":"https:\/\/www.sauter-building-control.ch\/wp-content\/uploads\/sites\/14\/2019\/06\/AdobeStock_14105940_Lehrling_Elektronik-1286x800.jpg","slider-width":1286,"slider-height":800,"img-prod-inno":"https:\/\/www.sauter-building-control.ch\/wp-content\/uploads\/sites\/14\/2019\/06\/AdobeStock_14105940_Lehrling_Elektronik-480x240.jpg","img-prod-inno-width":480,"img-prod-inno-height":240,"img-rpoduit-interne":"https:\/\/www.sauter-building-control.ch\/wp-content\/uploads\/sites\/14\/2019\/06\/AdobeStock_14105940_Lehrling_Elektronik-380x560.jpg","img-rpoduit-interne-width":380,"img-rpoduit-interne-height":560}},"titre":"FORMATION PROFESSIONNELLE chez SAUTER","link":"\/entreprise\/emplois-et-carriere\/formation-professionnelle-chez-sauter\/"},"contenu":"<h2 style=\"text-align: center;\">Nos passions sont des b\u00e2timents \u00e9co\u00e9nerg\u00e9tiques dot\u00e9s de technologies modernes: non seulement le c\u0153ur des techniciens bat plus vite, mais \u00e9galement celui des d\u00e9veloppeurs de logiciels et de mat\u00e9riels informatiques, des gestionnaires de projets, des experts en cha\u00eene d&rsquo;approvisionnement, des logisticiens, des administrateurs commerciaux et des responsables de la qualit\u00e9.<\/h2>\n"},"yoast_head":"<!-- This site is optimized with the Yoast SEO plugin v26.1.1 - https:\/\/yoast.com\/wordpress\/plugins\/seo\/ -->\n<title>Emplois et Carri\u00e8re - SAUTER Schweiz<\/title>\n<meta name=\"robots\" content=\"index, follow, max-snippet:-1, max-image-preview:large, max-video-preview:-1\" \/>\n<link rel=\"canonical\" href=\"https:\/\/www.sauter-building-control.ch\/fr\/entreprise\/emplois-et-carriere\/\" \/>\n<meta property=\"og:locale\" content=\"fr_FR\" \/>\n<meta property=\"og:type\" content=\"article\" \/>\n<meta property=\"og:title\" content=\"Emplois et Carri\u00e8re - SAUTER Schweiz\" \/>\n<meta property=\"og:url\" content=\"https:\/\/www.sauter-building-control.ch\/fr\/entreprise\/emplois-et-carriere\/\" \/>\n<meta property=\"og:site_name\" content=\"SAUTER Schweiz\" \/>\n<meta property=\"article:modified_time\" content=\"2019-06-19T11:22:56+00:00\" \/>\n<meta name=\"twitter:card\" content=\"summary_large_image\" \/>\n<script type=\"application\/ld+json\" class=\"yoast-schema-graph\">{\"@context\":\"https:\/\/schema.org\",\"@graph\":[{\"@type\":\"WebPage\",\"@id\":\"https:\/\/www.sauter-building-control.ch\/fr\/entreprise\/emplois-et-carriere\/\",\"url\":\"https:\/\/www.sauter-building-control.ch\/fr\/entreprise\/emplois-et-carriere\/\",\"name\":\"Emplois et Carri\u00e8re - SAUTER Schweiz\",\"isPartOf\":{\"@id\":\"https:\/\/www.sauter-building-control.ch\/#website\"},\"datePublished\":\"2018-12-06T11:45:37+00:00\",\"dateModified\":\"2019-06-19T11:22:56+00:00\",\"breadcrumb\":{\"@id\":\"https:\/\/www.sauter-building-control.ch\/fr\/entreprise\/emplois-et-carriere\/#breadcrumb\"},\"inLanguage\":\"fr-FR\",\"potentialAction\":[{\"@type\":\"ReadAction\",\"target\":[\"https:\/\/www.sauter-building-control.ch\/fr\/entreprise\/emplois-et-carriere\/\"]}]},{\"@type\":\"BreadcrumbList\",\"@id\":\"https:\/\/www.sauter-building-control.ch\/fr\/entreprise\/emplois-et-carriere\/#breadcrumb\",\"itemListElement\":[{\"@type\":\"ListItem\",\"position\":1,\"name\":\"Home\",\"item\":\"https:\/\/www.sauter-building-control.ch\/fr\/\"},{\"@type\":\"ListItem\",\"position\":2,\"name\":\"Entreprise\",\"item\":\"https:\/\/www.sauter-building-control.ch\/fr\/entreprise\/\"},{\"@type\":\"ListItem\",\"position\":3,\"name\":\"Emplois et Carri\u00e8re\"}]},{\"@type\":\"WebSite\",\"@id\":\"https:\/\/www.sauter-building-control.ch\/#website\",\"url\":\"https:\/\/www.sauter-building-control.ch\/\",\"name\":\"SAUTER Schweiz\",\"description\":\"\",\"potentialAction\":[{\"@type\":\"SearchAction\",\"target\":{\"@type\":\"EntryPoint\",\"urlTemplate\":\"https:\/\/www.sauter-building-control.ch\/?s={search_term_string}\"},\"query-input\":{\"@type\":\"PropertyValueSpecification\",\"valueRequired\":true,\"valueName\":\"search_term_string\"}}],\"inLanguage\":\"fr-FR\"}]}<\/script>\n<!-- \/ Yoast SEO plugin. -->","yoast_head_json":{"title":"Emplois et Carri\u00e8re - SAUTER Schweiz","robots":{"index":"index","follow":"follow","max-snippet":"max-snippet:-1","max-image-preview":"max-image-preview:large","max-video-preview":"max-video-preview:-1"},"canonical":"https:\/\/www.sauter-building-control.ch\/fr\/entreprise\/emplois-et-carriere\/","og_locale":"fr_FR","og_type":"article","og_title":"Emplois et Carri\u00e8re - SAUTER Schweiz","og_url":"https:\/\/www.sauter-building-control.ch\/fr\/entreprise\/emplois-et-carriere\/","og_site_name":"SAUTER Schweiz","article_modified_time":"2019-06-19T11:22:56+00:00","twitter_card":"summary_large_image","schema":{"@context":"https:\/\/schema.org","@graph":[{"@type":"WebPage","@id":"https:\/\/www.sauter-building-control.ch\/fr\/entreprise\/emplois-et-carriere\/","url":"https:\/\/www.sauter-building-control.ch\/fr\/entreprise\/emplois-et-carriere\/","name":"Emplois et Carri\u00e8re - SAUTER Schweiz","isPartOf":{"@id":"https:\/\/www.sauter-building-control.ch\/#website"},"datePublished":"2018-12-06T11:45:37+00:00","dateModified":"2019-06-19T11:22:56+00:00","breadcrumb":{"@id":"https:\/\/www.sauter-building-control.ch\/fr\/entreprise\/emplois-et-carriere\/#breadcrumb"},"inLanguage":"fr-FR","potentialAction":[{"@type":"ReadAction","target":["https:\/\/www.sauter-building-control.ch\/fr\/entreprise\/emplois-et-carriere\/"]}]},{"@type":"BreadcrumbList","@id":"https:\/\/www.sauter-building-control.ch\/fr\/entreprise\/emplois-et-carriere\/#breadcrumb","itemListElement":[{"@type":"ListItem","position":1,"name":"Home","item":"https:\/\/www.sauter-building-control.ch\/fr\/"},{"@type":"ListItem","position":2,"name":"Entreprise","item":"https:\/\/www.sauter-building-control.ch\/fr\/entreprise\/"},{"@type":"ListItem","position":3,"name":"Emplois et Carri\u00e8re"}]},{"@type":"WebSite","@id":"https:\/\/www.sauter-building-control.ch\/#website","url":"https:\/\/www.sauter-building-control.ch\/","name":"SAUTER Schweiz","description":"","potentialAction":[{"@type":"SearchAction","target":{"@type":"EntryPoint","urlTemplate":"https:\/\/www.sauter-building-control.ch\/?s={search_term_string}"},"query-input":{"@type":"PropertyValueSpecification","valueRequired":true,"valueName":"search_term_string"}}],"inLanguage":"fr-FR"}]}},"_links":{"self":[{"href":"https:\/\/www.sauter-building-control.ch\/fr\/wp-json\/wp\/v2\/pages\/2466","targetHints":{"allow":["GET"]}}],"collection":[{"href":"https:\/\/www.sauter-building-control.ch\/fr\/wp-json\/wp\/v2\/pages"}],"about":[{"href":"https:\/\/www.sauter-building-control.ch\/fr\/wp-json\/wp\/v2\/types\/page"}],"author":[{"embeddable":true,"href":"https:\/\/www.sauter-building-control.ch\/fr\/wp-json\/wp\/v2\/users\/1"}],"replies":[{"embeddable":true,"href":"https:\/\/www.sauter-building-control.ch\/fr\/wp-json\/wp\/v2\/comments?post=2466"}],"version-history":[{"count":3,"href":"https:\/\/www.sauter-building-control.ch\/fr\/wp-json\/wp\/v2\/pages\/2466\/revisions"}],"predecessor-version":[{"id":33482,"href":"https:\/\/www.sauter-building-control.ch\/fr\/wp-json\/wp\/v2\/pages\/2466\/revisions\/33482"}],"up":[{"embeddable":true,"href":"https:\/\/www.sauter-building-control.ch\/fr\/wp-json\/wp\/v2\/pages\/2464"}],"wp:attachment":[{"href":"https:\/\/www.sauter-building-control.ch\/fr\/wp-json\/wp\/v2\/media?parent=2466"}],"curies":[{"name":"wp","href":"https:\/\/api.w.org\/{rel}","templated":true}]}}