{"id":2162,"date":"2018-10-17T10:24:43","date_gmt":"2018-10-17T08:24:43","guid":{"rendered":"http:\/\/www.sauter.fr\/ueber-uns\/"},"modified":"2024-04-17T09:29:11","modified_gmt":"2024-04-17T09:29:11","slug":"qui-sommes-nous-sauter-suisse","status":"publish","type":"page","link":"https:\/\/www.sauter-building-control.ch\/fr\/entreprise\/qui-sommes-nous-sauter-suisse\/","title":{"rendered":"SAUTER Suisse"},"content":{"rendered":"","protected":false},"excerpt":{"rendered":"","protected":false},"author":1,"featured_media":0,"parent":2464,"menu_order":86,"comment_status":"closed","ping_status":"closed","template":"page-uber-uns.php","meta":{"_acf_changed":false,"footnotes":""},"class_list":["post-2162","page","type-page","status-publish","hentry"],"acf":[],"yoast_head":"<!-- This site is optimized with the Yoast SEO plugin v26.1.1 - https:\/\/yoast.com\/wordpress\/plugins\/seo\/ -->\n<title>SAUTER Suisse - SAUTER Schweiz<\/title>\n<meta name=\"description\" content=\"Sauter est le partenaire innovant depuis plus de 100 anspour le confort et l&#039;efficacit\u00e9 \u00e9nerg\u00e9tique dans les b\u00e2timents.\" \/>\n<meta name=\"robots\" content=\"index, follow, max-snippet:-1, max-image-preview:large, max-video-preview:-1\" \/>\n<link rel=\"canonical\" href=\"https:\/\/www.sauter-building-control.ch\/fr\/entreprise\/qui-sommes-nous-sauter-suisse\/\" \/>\n<meta property=\"og:locale\" content=\"fr_FR\" \/>\n<meta property=\"og:type\" content=\"article\" \/>\n<meta property=\"og:title\" content=\"SAUTER Suisse - SAUTER Schweiz\" \/>\n<meta property=\"og:description\" content=\"Sauter est le partenaire innovant depuis plus de 100 anspour le confort et l&#039;efficacit\u00e9 \u00e9nerg\u00e9tique dans les b\u00e2timents.\" \/>\n<meta property=\"og:url\" content=\"https:\/\/www.sauter-building-control.ch\/fr\/entreprise\/qui-sommes-nous-sauter-suisse\/\" \/>\n<meta property=\"og:site_name\" content=\"SAUTER Schweiz\" \/>\n<meta property=\"article:modified_time\" content=\"2024-04-17T09:29:11+00:00\" \/>\n<meta name=\"twitter:card\" content=\"summary_large_image\" \/>\n<script type=\"application\/ld+json\" class=\"yoast-schema-graph\">{\"@context\":\"https:\/\/schema.org\",\"@graph\":[{\"@type\":\"WebPage\",\"@id\":\"https:\/\/www.sauter-building-control.ch\/fr\/entreprise\/qui-sommes-nous-sauter-suisse\/\",\"url\":\"https:\/\/www.sauter-building-control.ch\/fr\/entreprise\/qui-sommes-nous-sauter-suisse\/\",\"name\":\"SAUTER Suisse - SAUTER Schweiz\",\"isPartOf\":{\"@id\":\"https:\/\/www.sauter-building-control.ch\/#website\"},\"datePublished\":\"2018-10-17T08:24:43+00:00\",\"dateModified\":\"2024-04-17T09:29:11+00:00\",\"description\":\"Sauter est le partenaire innovant depuis plus de 100 anspour le confort et l'efficacit\u00e9 \u00e9nerg\u00e9tique dans les b\u00e2timents.\",\"breadcrumb\":{\"@id\":\"https:\/\/www.sauter-building-control.ch\/fr\/entreprise\/qui-sommes-nous-sauter-suisse\/#breadcrumb\"},\"inLanguage\":\"fr-FR\",\"potentialAction\":[{\"@type\":\"ReadAction\",\"target\":[\"https:\/\/www.sauter-building-control.ch\/fr\/entreprise\/qui-sommes-nous-sauter-suisse\/\"]}]},{\"@type\":\"BreadcrumbList\",\"@id\":\"https:\/\/www.sauter-building-control.ch\/fr\/entreprise\/qui-sommes-nous-sauter-suisse\/#breadcrumb\",\"itemListElement\":[{\"@type\":\"ListItem\",\"position\":1,\"name\":\"Home\",\"item\":\"https:\/\/www.sauter-building-control.ch\/fr\/\"},{\"@type\":\"ListItem\",\"position\":2,\"name\":\"Entreprise\",\"item\":\"https:\/\/www.sauter-building-control.ch\/fr\/entreprise\/\"},{\"@type\":\"ListItem\",\"position\":3,\"name\":\"SAUTER Suisse\"}]},{\"@type\":\"WebSite\",\"@id\":\"https:\/\/www.sauter-building-control.ch\/#website\",\"url\":\"https:\/\/www.sauter-building-control.ch\/\",\"name\":\"SAUTER Schweiz\",\"description\":\"\",\"potentialAction\":[{\"@type\":\"SearchAction\",\"target\":{\"@type\":\"EntryPoint\",\"urlTemplate\":\"https:\/\/www.sauter-building-control.ch\/?s={search_term_string}\"},\"query-input\":{\"@type\":\"PropertyValueSpecification\",\"valueRequired\":true,\"valueName\":\"search_term_string\"}}],\"inLanguage\":\"fr-FR\"}]}<\/script>\n<!-- \/ Yoast SEO plugin. -->","yoast_head_json":{"title":"SAUTER Suisse - SAUTER Schweiz","description":"Sauter est le partenaire innovant depuis plus de 100 anspour le confort et l'efficacit\u00e9 \u00e9nerg\u00e9tique dans les b\u00e2timents.","robots":{"index":"index","follow":"follow","max-snippet":"max-snippet:-1","max-image-preview":"max-image-preview:large","max-video-preview":"max-video-preview:-1"},"canonical":"https:\/\/www.sauter-building-control.ch\/fr\/entreprise\/qui-sommes-nous-sauter-suisse\/","og_locale":"fr_FR","og_type":"article","og_title":"SAUTER Suisse - SAUTER Schweiz","og_description":"Sauter est le partenaire innovant depuis plus de 100 anspour le confort et l'efficacit\u00e9 \u00e9nerg\u00e9tique dans les b\u00e2timents.","og_url":"https:\/\/www.sauter-building-control.ch\/fr\/entreprise\/qui-sommes-nous-sauter-suisse\/","og_site_name":"SAUTER Schweiz","article_modified_time":"2024-04-17T09:29:11+00:00","twitter_card":"summary_large_image","schema":{"@context":"https:\/\/schema.org","@graph":[{"@type":"WebPage","@id":"https:\/\/www.sauter-building-control.ch\/fr\/entreprise\/qui-sommes-nous-sauter-suisse\/","url":"https:\/\/www.sauter-building-control.ch\/fr\/entreprise\/qui-sommes-nous-sauter-suisse\/","name":"SAUTER Suisse - SAUTER Schweiz","isPartOf":{"@id":"https:\/\/www.sauter-building-control.ch\/#website"},"datePublished":"2018-10-17T08:24:43+00:00","dateModified":"2024-04-17T09:29:11+00:00","description":"Sauter est le partenaire innovant depuis plus de 100 anspour le confort et l'efficacit\u00e9 \u00e9nerg\u00e9tique dans les b\u00e2timents.","breadcrumb":{"@id":"https:\/\/www.sauter-building-control.ch\/fr\/entreprise\/qui-sommes-nous-sauter-suisse\/#breadcrumb"},"inLanguage":"fr-FR","potentialAction":[{"@type":"ReadAction","target":["https:\/\/www.sauter-building-control.ch\/fr\/entreprise\/qui-sommes-nous-sauter-suisse\/"]}]},{"@type":"BreadcrumbList","@id":"https:\/\/www.sauter-building-control.ch\/fr\/entreprise\/qui-sommes-nous-sauter-suisse\/#breadcrumb","itemListElement":[{"@type":"ListItem","position":1,"name":"Home","item":"https:\/\/www.sauter-building-control.ch\/fr\/"},{"@type":"ListItem","position":2,"name":"Entreprise","item":"https:\/\/www.sauter-building-control.ch\/fr\/entreprise\/"},{"@type":"ListItem","position":3,"name":"SAUTER Suisse"}]},{"@type":"WebSite","@id":"https:\/\/www.sauter-building-control.ch\/#website","url":"https:\/\/www.sauter-building-control.ch\/","name":"SAUTER Schweiz","description":"","potentialAction":[{"@type":"SearchAction","target":{"@type":"EntryPoint","urlTemplate":"https:\/\/www.sauter-building-control.ch\/?s={search_term_string}"},"query-input":{"@type":"PropertyValueSpecification","valueRequired":true,"valueName":"search_term_string"}}],"inLanguage":"fr-FR"}]}},"_links":{"self":[{"href":"https:\/\/www.sauter-building-control.ch\/fr\/wp-json\/wp\/v2\/pages\/2162","targetHints":{"allow":["GET"]}}],"collection":[{"href":"https:\/\/www.sauter-building-control.ch\/fr\/wp-json\/wp\/v2\/pages"}],"about":[{"href":"https:\/\/www.sauter-building-control.ch\/fr\/wp-json\/wp\/v2\/types\/page"}],"author":[{"embeddable":true,"href":"https:\/\/www.sauter-building-control.ch\/fr\/wp-json\/wp\/v2\/users\/1"}],"replies":[{"embeddable":true,"href":"https:\/\/www.sauter-building-control.ch\/fr\/wp-json\/wp\/v2\/comments?post=2162"}],"version-history":[{"count":57,"href":"https:\/\/www.sauter-building-control.ch\/fr\/wp-json\/wp\/v2\/pages\/2162\/revisions"}],"predecessor-version":[{"id":45259,"href":"https:\/\/www.sauter-building-control.ch\/fr\/wp-json\/wp\/v2\/pages\/2162\/revisions\/45259"}],"up":[{"embeddable":true,"href":"https:\/\/www.sauter-building-control.ch\/fr\/wp-json\/wp\/v2\/pages\/2464"}],"wp:attachment":[{"href":"https:\/\/www.sauter-building-control.ch\/fr\/wp-json\/wp\/v2\/media?parent=2162"}],"curies":[{"name":"wp","href":"https:\/\/api.w.org\/{rel}","templated":true}]}}